{"id":9176,"date":"2022-11-16T14:50:44","date_gmt":"2022-11-16T12:50:44","guid":{"rendered":"https:\/\/gimaclinic.com\/?page_id=9176"},"modified":"2022-11-23T13:02:37","modified_gmt":"2022-11-23T11:02:37","slug":"pressoterapia","status":"publish","type":"page","link":"https:\/\/gimaclinic.com\/ca\/pressoterapia\/","title":{"rendered":"Pressoter\u00e0pia"},"content":{"rendered":"<div id=\"pl-9176\"  class=\"panel-layout\" ><div id=\"pg-9176-0\"  class=\"panel-grid panel-no-style\" ><div id=\"pgc-9176-0-0\"  class=\"panel-grid-cell\" ><div id=\"panel-9176-0-0-0\" class=\"so-panel widget widget_sow-button panel-first-child\" data-index=\"0\" ><div\n\t\t\t\n\t\t\tclass=\"so-widget-sow-button so-widget-sow-button-atom-abe60d5d626b-9176\"\n\t\t\t\n\t\t><div class=\"ow-button-base ow-button-align-center\"\n>\n\t\t\t<a\n\t\t\t\t\thref=\"https:\/\/outlook.office365.com\/owa\/calendar\/RegalAniversari@pasiona.com\/bookings\/\"\n\t\t\t\t\tclass=\"sowb-button ow-icon-placement-left ow-button-hover\" target=\"_blank\" rel=\"noopener noreferrer\" \t>\n\t\t<span>\n\t\t\t<span class=\"sow-icon-fontawesome sow-far\" data-sow-icon=\"&#xf073;\"\n\t\tstyle=\"color: #ffffff\" \n\t\taria-hidden=\"true\"><\/span>\n\t\t\tReserva AQU\u00cd el teu regal!\t\t<\/span>\n\t\t\t<\/a>\n\t<\/div>\n<\/div><\/div><div id=\"panel-9176-0-0-1\" class=\"so-panel widget widget_sow-editor panel-last-child\" data-index=\"1\" ><div\n\t\t\t\n\t\t\tclass=\"so-widget-sow-editor so-widget-sow-editor-base\"\n\t\t\t\n\t\t>\n<div class=\"siteorigin-widget-tinymce textwidget\">\n\t<p><i><span data-contrast=\"auto\">La pressoter\u00e0pia \u00e9s el tractament que s\u2019utilitza per millorar la circulaci\u00f3 de cames, abdomen i bra\u00e7os. S\u2019utilitza com a tractament complementari a les sessions de <a href=\"https:\/\/gimaclinic.com\/ca\/serveis\/fisioterapia\/\">fisioter\u00e0pia<\/a> amb l\u2019objectiu de millorar l\u2019estat de les fibres musculars i en l\u2019est\u00e8tica amb l\u2019objectiu d\u2019afavorir l\u2019oxigenaci\u00f3 i l\u2019estat de la pell.<\/span><\/i><\/p>\n<p>&nbsp;<\/p>\n<\/div>\n<\/div><\/div><\/div><\/div><div id=\"pg-9176-1\"  class=\"panel-grid panel-no-style\" ><div id=\"pgc-9176-1-0\"  class=\"panel-grid-cell\" ><div id=\"panel-9176-1-0-0\" class=\"so-panel widget widget_sow-editor panel-first-child panel-last-child\" data-index=\"2\" ><div\n\t\t\t\n\t\t\tclass=\"so-widget-sow-editor so-widget-sow-editor-base\"\n\t\t\t\n\t\t>\n<div class=\"siteorigin-widget-tinymce textwidget\">\n\t<p><img decoding=\"async\" class=\"alignnone size-medium wp-image-9197\" src=\"http:\/\/gimaclinic.com\/wp-content\/uploads\/2022\/11\/Presso-300x230.jpeg\" alt=\"\" width=\"300\" height=\"230\" srcset=\"https:\/\/gimaclinic.com\/wp-content\/uploads\/2022\/11\/Presso-300x230.jpeg 300w, https:\/\/gimaclinic.com\/wp-content\/uploads\/2022\/11\/Presso-600x459.jpeg 600w, https:\/\/gimaclinic.com\/wp-content\/uploads\/2022\/11\/Presso.jpeg 768w\" sizes=\"(max-width: 300px) 100vw, 300px\" \/><\/p>\n<p><img decoding=\"async\" class=\"alignnone size-medium wp-image-9190\" src=\"http:\/\/gimaclinic.com\/wp-content\/uploads\/2022\/11\/WhatsApp-Image-2022-11-14-at-09.34.14-3-225x300.jpeg\" alt=\"Cames amb botes de pressoter\u00e0pia\" width=\"225\" height=\"300\" srcset=\"https:\/\/gimaclinic.com\/wp-content\/uploads\/2022\/11\/WhatsApp-Image-2022-11-14-at-09.34.14-3-225x300.jpeg 225w, https:\/\/gimaclinic.com\/wp-content\/uploads\/2022\/11\/WhatsApp-Image-2022-11-14-at-09.34.14-3-600x800.jpeg 600w, https:\/\/gimaclinic.com\/wp-content\/uploads\/2022\/11\/WhatsApp-Image-2022-11-14-at-09.34.14-3.jpeg 768w\" sizes=\"(max-width: 225px) 100vw, 225px\" \/><\/p>\n<p><img decoding=\"async\" class=\"alignnone size-medium wp-image-9201\" src=\"http:\/\/gimaclinic.com\/wp-content\/uploads\/2022\/11\/Presso2-300x230.jpeg\" alt=\"Pacient a llitera amb botes de pressoter\u00e0pia\" width=\"300\" height=\"230\" srcset=\"https:\/\/gimaclinic.com\/wp-content\/uploads\/2022\/11\/Presso2-300x230.jpeg 300w, https:\/\/gimaclinic.com\/wp-content\/uploads\/2022\/11\/Presso2-600x459.jpeg 600w, https:\/\/gimaclinic.com\/wp-content\/uploads\/2022\/11\/Presso2.jpeg 768w\" sizes=\"(max-width: 300px) 100vw, 300px\" \/><\/p>\n<\/div>\n<\/div><\/div><\/div><div id=\"pgc-9176-1-1\"  class=\"panel-grid-cell\" ><div id=\"panel-9176-1-1-0\" class=\"so-panel widget widget_sow-editor panel-first-child panel-last-child\" data-index=\"3\" ><div\n\t\t\t\n\t\t\tclass=\"so-widget-sow-editor so-widget-sow-editor-base\"\n\t\t\t\n\t\t>\n<div class=\"siteorigin-widget-tinymce textwidget\">\n\t<p><span style=\"color: #56afd5; font-size: 15px;\"><strong>Com funciona?<\/strong><\/span><\/p>\n<p><span class=\"TextRun SCXW173371862 BCX9\" lang=\"CA-ES\" xml:lang=\"CA-ES\" data-contrast=\"auto\"><span class=\"NormalTextRun SCXW173371862 BCX9\">La pressoter\u00e0pia, consisteix en aplicar una eina en forma de bota (per les cames), faixa (per l\u2019abdomen) i\/o guants (pels bra\u00e7os)<\/span><span class=\"NormalTextRun SCXW173371862 BCX9\">, amb diferents compartiments on <\/span><\/span><span class=\"TextRun SCXW173371862 BCX9\" lang=\"CA-ES\" xml:lang=\"CA-ES\" data-contrast=\"auto\"><span class=\"NormalTextRun SCXW173371862 BCX9\">de forma intermitent o cont\u00ednua es va introduint aire per crear una sensaci\u00f3 de compressi\u00f3<\/span><\/span><span class=\"TextRun SCXW173371862 BCX9\" lang=\"CA-ES\" xml:lang=\"CA-ES\" data-contrast=\"auto\"><span class=\"NormalTextRun SCXW173371862 BCX9\"> a la zona treballada<\/span><span class=\"NormalTextRun SCXW173371862 BCX9\">.\u00a0<\/span><\/span><span class=\"EOP SCXW173371862 BCX9\" data-ccp-props=\"{&quot;201341983&quot;:0,&quot;335551550&quot;:6,&quot;335551620&quot;:6,&quot;335559739&quot;:160,&quot;335559740&quot;:259}\">\u00a0<\/span><\/p>\n<p><span style=\"color: #56afd5; font-size: 15px;\"><strong>Beneficis<\/strong><\/span><\/p>\n<ol>\n<li><span data-contrast=\"auto\">Millora l\u2019aspecte de la pell i eliminar la cel\u00b7lulitis<\/span><span data-ccp-props=\"{&quot;201341983&quot;:0,&quot;335551550&quot;:6,&quot;335551620&quot;:6,&quot;335559739&quot;:160,&quot;335559740&quot;:259}\">\u00a0<\/span><\/li>\n<li><span data-contrast=\"auto\">Disminueix la pressi\u00f3 arterial i activa el sistema circulatori<\/span><span data-ccp-props=\"{&quot;201341983&quot;:0,&quot;335551550&quot;:6,&quot;335551620&quot;:6,&quot;335559739&quot;:160,&quot;335559740&quot;:259}\">\u00a0<\/span><\/li>\n<li><span data-contrast=\"auto\">Elimina les toxines<\/span><span data-ccp-props=\"{&quot;201341983&quot;:0,&quot;335551550&quot;:6,&quot;335551620&quot;:6,&quot;335559739&quot;:160,&quot;335559740&quot;:259}\">\u00a0<\/span><\/li>\n<li><span data-contrast=\"auto\">Alleuja el cansament i la pesantor de les cames o bra\u00e7os<\/span><span data-ccp-props=\"{&quot;201341983&quot;:0,&quot;335551550&quot;:6,&quot;335551620&quot;:6,&quot;335559739&quot;:160,&quot;335559740&quot;:259}\">\u00a0<\/span><\/li>\n<li><span data-contrast=\"auto\">Estimular els m\u00fasculs i millora la tonificaci\u00f3<\/span><span data-ccp-props=\"{&quot;201341983&quot;:0,&quot;335551550&quot;:6,&quot;335551620&quot;:6,&quot;335559739&quot;:160,&quot;335559740&quot;:259}\">\u00a0<\/span><\/li>\n<li><span data-contrast=\"auto\">Produeix una sensaci\u00f3 de relaxaci\u00f3 i descans<\/span><span data-ccp-props=\"{&quot;201341983&quot;:0,&quot;335551550&quot;:6,&quot;335551620&quot;:6,&quot;335559739&quot;:160,&quot;335559740&quot;:259}\">\u00a0<\/span><\/li>\n<\/ol>\n<p><span style=\"color: #56afd5; font-size: 15px;\"><strong>Recuperaci\u00f3 despr\u00e8s de l'entrenament<\/strong><\/span><\/p>\n<p><span class=\"TextRun SCXW27877779 BCX9\" lang=\"CA-ES\" xml:lang=\"CA-ES\" data-contrast=\"auto\"><span class=\"NormalTextRun SCXW27877779 BCX9\">Quan realitzem una activitat f\u00edsica, especialment si \u00e9s intensa, apareixen canvis degeneratius a les c\u00e8l\u00b7lules i fibres musculars. Nosaltres com a esportistes percebem una disminuci\u00f3 de l\u2019efici\u00e8ncia, un augment de la fatiga muscular de forma prematura, <\/span><span class=\"NormalTextRun SCXW27877779 BCX9\">una <\/span><span class=\"NormalTextRun SCXW27877779 BCX9\">disminuci\u00f3 del rang \u00f2ptim de moviment i apareix el dolor de forma primerenca a la zona muscular que m\u00e9s s\u2019ha exercitat durant la pr\u00e0ctica realitzada.<\/span><\/span><span class=\"EOP SCXW27877779 BCX9\" data-ccp-props=\"{&quot;201341983&quot;:0,&quot;335551550&quot;:6,&quot;335551620&quot;:6,&quot;335559739&quot;:160,&quot;335559740&quot;:259}\">\u00a0<\/span><\/p>\n<p><span class=\"TextRun SCXW2004485 BCX9\" lang=\"CA-ES\" xml:lang=\"CA-ES\" data-contrast=\"auto\"><span class=\"NormalTextRun SCXW2004485 BCX9\">El tractament mitjan\u00e7ant la pressoter\u00e0pia despr\u00e9s d\u2019un entrenament, af<\/span><\/span><span class=\"TextRun SCXW2004485 BCX9\" lang=\"CA-ES\" xml:lang=\"CA-ES\" data-contrast=\"auto\"><span class=\"NormalTextRun SCXW2004485 BCX9\">avoreix el proc\u00e9s de recuperaci\u00f3 i millora les propietats fisiol\u00f2giques de la zona<\/span><span class=\"NormalTextRun SCXW2004485 BCX9\"> on s\u2019ha aplicat l\u2019eina, regenerant les c\u00e8l\u00b7lules i fibres musculars.<\/span><\/span><span class=\"EOP SCXW2004485 BCX9\" data-ccp-props=\"{&quot;201341983&quot;:0,&quot;335551550&quot;:6,&quot;335551620&quot;:6,&quot;335559739&quot;:160,&quot;335559740&quot;:259}\">\u00a0<\/span><\/p>\n<p><span style=\"color: #56afd5; font-size: 15px;\"><strong>Tractament d'est\u00e8tica<\/strong><\/span><\/p>\n<p>La pressoter\u00e0pia <span class=\"TextRun SCXW36004108 BCX9\" lang=\"CA-ES\" xml:lang=\"CA-ES\" data-contrast=\"auto\"><span class=\"NormalTextRun SCXW36004108 BCX9\">no nom\u00e9s s\u2019utilitza en l\u2019\u00e0mbit esportiu, sin\u00f3 que tamb\u00e9 <\/span><span class=\"NormalTextRun SCXW36004108 BCX9\">s\u2019utilitza en el m\u00f3n de l\u2019est\u00e8tica ja que s\u2019ha demostrat que <\/span><span class=\"NormalTextRun SCXW36004108 BCX9\">te <\/span><\/span><span class=\"TextRun SCXW36004108 BCX9\" lang=\"CA-ES\" xml:lang=\"CA-ES\" data-contrast=\"auto\"><span class=\"NormalTextRun SCXW36004108 BCX9\">efectes positius en l\u2019eliminaci\u00f3 de subst\u00e0ncies nocives que s\u2019acumulen a les nostres articulacions<\/span><\/span><span class=\"TextRun SCXW36004108 BCX9\" lang=\"CA-ES\" xml:lang=\"CA-ES\" data-contrast=\"auto\"><span class=\"NormalTextRun SCXW36004108 BCX9\"> causades per tractaments invasius, problemes i alteracions circulat\u00f2ries, canvis degeneratius del<\/span><span class=\"NormalTextRun SCXW36004108 BCX9\"> metabolisme<\/span><span class=\"NormalTextRun SCXW36004108 BCX9\">, sedentarisme...<\/span><\/span><span class=\"EOP SCXW36004108 BCX9\" data-ccp-props=\"{&quot;201341983&quot;:0,&quot;335551550&quot;:6,&quot;335551620&quot;:6,&quot;335559739&quot;:160,&quot;335559740&quot;:259}\">\u00a0<\/span><\/p>\n<p><span class=\"TextRun SCXW11420051 BCX9\" lang=\"CA-ES\" xml:lang=\"CA-ES\" data-contrast=\"auto\"><span class=\"NormalTextRun SCXW11420051 BCX9\">S\u2019<\/span><span class=\"NormalTextRun SCXW11420051 BCX9\">ha demostrat la seva efic\u00e0cia en la <\/span><\/span><span class=\"TextRun SCXW11420051 BCX9\" lang=\"CA-ES\" xml:lang=\"CA-ES\" data-contrast=\"auto\"><span class=\"NormalTextRun SCXW11420051 BCX9\">millora de la circulaci\u00f3<\/span><span class=\"NormalTextRun SCXW11420051 BCX9\"> venosa i limf\u00e0tica<\/span><\/span><span class=\"TextRun SCXW11420051 BCX9\" lang=\"CA-ES\" xml:lang=\"CA-ES\" data-contrast=\"auto\"><span class=\"NormalTextRun SCXW11420051 BCX9\">, sobretot <\/span><span class=\"NormalTextRun SCXW11420051 BCX9\">a<\/span><span class=\"NormalTextRun SCXW11420051 BCX9\"> les cames. \u00c9s un tipus de tractament que afavoreix el drenatge limf\u00e0tic, <\/span><\/span><span class=\"TextRun SCXW11420051 BCX9\" lang=\"CA-ES\" xml:lang=\"CA-ES\" data-contrast=\"auto\"><span class=\"NormalTextRun SCXW11420051 BCX9\">l\u2019eliminaci\u00f3 de l\u00edquid<\/span><\/span><span class=\"TextRun SCXW11420051 BCX9\" lang=\"CA-ES\" xml:lang=\"CA-ES\" data-contrast=\"auto\"><span class=\"NormalTextRun SCXW11420051 BCX9\"> acumulat, <\/span><\/span><span class=\"TextRun SCXW11420051 BCX9\" lang=\"CA-ES\" xml:lang=\"CA-ES\" data-contrast=\"auto\"><span class=\"NormalTextRun SCXW11420051 BCX9\">millora l\u2019oxigenaci\u00f3<\/span><\/span><span class=\"TextRun SCXW11420051 BCX9\" lang=\"CA-ES\" xml:lang=\"CA-ES\" data-contrast=\"auto\"><span class=\"NormalTextRun SCXW11420051 BCX9\"> de la pell<\/span><span class=\"NormalTextRun SCXW11420051 BCX9\"> fet que es tradueix amb una pell visiblement m\u00e9s tonificada i m\u00e9s brillant<\/span><span class=\"NormalTextRun SCXW11420051 BCX9\">, ajuda a disminuir la pressi\u00f3 arterial, entre d\u2019altres<\/span><span class=\"NormalTextRun SCXW11420051 BCX9\">.<\/span><\/span><span class=\"EOP SCXW11420051 BCX9\" data-ccp-props=\"{&quot;201341983&quot;:0,&quot;335551550&quot;:6,&quot;335551620&quot;:6,&quot;335559739&quot;:160,&quot;335559740&quot;:259}\">\u00a0<\/span><\/p>\n<\/div>\n<\/div><\/div><\/div><\/div><\/div>","protected":false},"excerpt":{"rendered":"<p>La pressoter\u00e0pia \u00e9s el tractament que s\u2019utilitza per millorar la circulaci\u00f3 de cames, abdomen i bra\u00e7os. S\u2019utilitza com a tractament complementari a les sessions de fisioter\u00e0pia amb l\u2019objectiu de millorar l\u2019estat de les fibres musculars i en l\u2019est\u00e8tica amb l\u2019objectiu d\u2019afavorir l\u2019oxigenaci\u00f3 i l\u2019estat de la pell. &nbsp; Com funciona? La pressoter\u00e0pia, consisteix en aplicar [&hellip;]<\/p>\n","protected":false},"author":3,"featured_media":0,"parent":0,"menu_order":0,"comment_status":"closed","ping_status":"closed","template":"","meta":{"footnotes":""},"class_list":["post-9176","page","type-page","status-publish","hentry"],"aioseo_notices":[],"jetpack_sharing_enabled":true,"_links":{"self":[{"href":"https:\/\/gimaclinic.com\/ca\/wp-json\/wp\/v2\/pages\/9176","targetHints":{"allow":["GET"]}}],"collection":[{"href":"https:\/\/gimaclinic.com\/ca\/wp-json\/wp\/v2\/pages"}],"about":[{"href":"https:\/\/gimaclinic.com\/ca\/wp-json\/wp\/v2\/types\/page"}],"author":[{"embeddable":true,"href":"https:\/\/gimaclinic.com\/ca\/wp-json\/wp\/v2\/users\/3"}],"replies":[{"embeddable":true,"href":"https:\/\/gimaclinic.com\/ca\/wp-json\/wp\/v2\/comments?post=9176"}],"version-history":[{"count":20,"href":"https:\/\/gimaclinic.com\/ca\/wp-json\/wp\/v2\/pages\/9176\/revisions"}],"predecessor-version":[{"id":9219,"href":"https:\/\/gimaclinic.com\/ca\/wp-json\/wp\/v2\/pages\/9176\/revisions\/9219"}],"wp:attachment":[{"href":"https:\/\/gimaclinic.com\/ca\/wp-json\/wp\/v2\/media?parent=9176"}],"curies":[{"name":"wp","href":"https:\/\/api.w.org\/{rel}","templated":true}]}}