{"id":8661,"date":"2021-11-09T11:03:57","date_gmt":"2021-11-09T09:03:57","guid":{"rendered":"https:\/\/gimaclinic.com\/serveis\/biomecanica-del-ciclista\/"},"modified":"2023-02-06T19:41:35","modified_gmt":"2023-02-06T17:41:35","slug":"biomecanica-del-ciclista","status":"publish","type":"page","link":"https:\/\/gimaclinic.com\/ca\/serveis\/biomecanica-del-ciclista\/","title":{"rendered":"Biomec\u00e0nica del ciclista"},"content":{"rendered":"<div id=\"pl-8661\"  class=\"panel-layout\" ><div id=\"pg-8661-0\"  class=\"panel-grid panel-no-style\" ><div id=\"pgc-8661-0-0\"  class=\"panel-grid-cell\" ><div id=\"panel-8661-0-0-0\" class=\"so-panel widget widget_sow-editor panel-first-child panel-last-child\" data-index=\"0\" ><div\n\t\t\t\n\t\t\tclass=\"so-widget-sow-editor so-widget-sow-editor-base\"\n\t\t\t\n\t\t>\n<div class=\"siteorigin-widget-tinymce textwidget\">\n\t<p><a href=\"http:\/\/gimaclinic.com\/wp-content\/uploads\/2022\/01\/fisioterapia_Vplus.jpg\"><img decoding=\"async\" class=\"alignnone wp-image-8928 size-full\" src=\"http:\/\/gimaclinic.com\/wp-content\/uploads\/2022\/01\/fisioterapia_Vplus.jpg\" alt=\"\" width=\"935\" height=\"1634\" srcset=\"https:\/\/gimaclinic.com\/wp-content\/uploads\/2022\/01\/fisioterapia_Vplus.jpg 935w, https:\/\/gimaclinic.com\/wp-content\/uploads\/2022\/01\/fisioterapia_Vplus-172x300.jpg 172w, https:\/\/gimaclinic.com\/wp-content\/uploads\/2022\/01\/fisioterapia_Vplus-586x1024.jpg 586w, https:\/\/gimaclinic.com\/wp-content\/uploads\/2022\/01\/fisioterapia_Vplus-768x1342.jpg 768w, https:\/\/gimaclinic.com\/wp-content\/uploads\/2022\/01\/fisioterapia_Vplus-879x1536.jpg 879w, https:\/\/gimaclinic.com\/wp-content\/uploads\/2022\/01\/fisioterapia_Vplus-600x1049.jpg 600w\" sizes=\"(max-width: 935px) 100vw, 935px\" \/><\/a><\/p>\n<hr \/>\n<hr \/>\n<\/div>\n<\/div><\/div><\/div><div id=\"pgc-8661-0-1\"  class=\"panel-grid-cell\" ><div id=\"panel-8661-0-1-0\" class=\"so-panel widget widget_sow-editor panel-first-child\" data-index=\"1\" ><div\n\t\t\t\n\t\t\tclass=\"so-widget-sow-editor so-widget-sow-editor-base\"\n\t\t\t\n\t\t>\n<div class=\"siteorigin-widget-tinymce textwidget\">\n\t<p><span style=\"color: #56afd5; font-size: 15px;\"><strong>Vas ben posicionat?<\/strong><\/span><\/p>\n<p>La biomec\u00e0nica del ciclista \u00e9s una eina innovadora i amb la millor tecnologia per a poder millorar la teva qualitat de vida amb la bicicleta. El nostre especialista s'ha format amb el John Wakefield, fisi\u00f2leg i director esportiu dels equips <span lang=\"ES-TRAD\">World Tour <a href=\"http:\/\/www.uaeteamemirates.com\/\">UAE TEAM EMIRATES<\/a> y <a href=\"https:\/\/www.bora.com\/ad\/es\/equipo-bora-hansgrohe\/\">BORA HANSGROHE<\/a>, i a la vegada biomec\u00e0nic d'ambd\u00f3s equips<\/span>. Gr\u00e0cies a la tecnologia m\u00e9s avan\u00e7ada de\u00a0<a href=\"https:\/\/gebiomized.de\/en\/\">gebioMized<\/a>\u00a0i\u00a0<a href=\"https:\/\/www.sciencetosport.com\/\">Science\u00a0to\u00a0Sport<\/a>, gaudir\u00e0s d'un estudi biomec\u00e0nic exclusiu i adaptat a les teves necessitats i prefer\u00e8ncies utilitzant el mateix protocol i les mateixes eines que els corredors de primer nivell mundial.<\/p>\n<p>Tamb\u00e9 disposem de les eines necess\u00e0ries per a poder fer proves d'esfor\u00e7 i aix\u00ed poder obtenir la teva fitxa de competici\u00f3 i con\u00e8ixer el teu estat f\u00edsic \u00f2ptim.<\/p>\n<\/div>\n<\/div><\/div><div id=\"panel-8661-0-1-1\" class=\"so-panel widget widget_sow-editor\" data-index=\"2\" ><div\n\t\t\t\n\t\t\tclass=\"so-widget-sow-editor so-widget-sow-editor-base\"\n\t\t\t\n\t\t>\n<div class=\"siteorigin-widget-tinymce textwidget\">\n\t<p><a href=\"http:\/\/gimaclinic.com\/wp-content\/uploads\/2022\/01\/bike-biomechanic_podium.jpg\"><img decoding=\"async\" class=\"aligncenter wp-image-8896 size-large\" src=\"http:\/\/gimaclinic.com\/wp-content\/uploads\/2022\/01\/bike-biomechanic_podium-1024x768.jpg\" alt=\"\" width=\"1024\" height=\"768\" srcset=\"https:\/\/gimaclinic.com\/wp-content\/uploads\/2022\/01\/bike-biomechanic_podium-1024x768.jpg 1024w, https:\/\/gimaclinic.com\/wp-content\/uploads\/2022\/01\/bike-biomechanic_podium-300x225.jpg 300w, https:\/\/gimaclinic.com\/wp-content\/uploads\/2022\/01\/bike-biomechanic_podium-768x576.jpg 768w, https:\/\/gimaclinic.com\/wp-content\/uploads\/2022\/01\/bike-biomechanic_podium-1536x1152.jpg 1536w, https:\/\/gimaclinic.com\/wp-content\/uploads\/2022\/01\/bike-biomechanic_podium-600x450.jpg 600w, https:\/\/gimaclinic.com\/wp-content\/uploads\/2022\/01\/bike-biomechanic_podium.jpg 1576w\" sizes=\"(max-width: 1024px) 100vw, 1024px\" \/><\/a><\/p>\n<\/div>\n<\/div><\/div><div id=\"panel-8661-0-1-2\" class=\"so-panel widget widget_sow-editor panel-last-child\" data-index=\"3\" ><div\n\t\t\t\n\t\t\tclass=\"so-widget-sow-editor so-widget-sow-editor-base\"\n\t\t\t\n\t\t>\n<div class=\"siteorigin-widget-tinymce textwidget\">\n\t<p><span style=\"color: #56afd5; font-size: 15px;\"><strong>Disposem de 3 estudis biomec\u00e0nics adaptats a les teves necessitats<\/strong><\/span><\/p>\n<h4>Estudi\u00a0biomec\u00e0nic\u00a0complet<\/h4>\n<p>En aquest estudi realitzem una an\u00e0lisi completa dins i fora de la bici, iniciem l'estudi amb una an\u00e0lisi de la teva trepitjada i biomec\u00e0nica natural de la marxa i est\u00e0tica, a continuaci\u00f3, prenem les teves mesures antropom\u00e8triques per a ajustar la bicicleta a les teves necessitats. A m\u00e9s, mitjan\u00e7ant un sensor de pressions de gebioMized analitzem el teu pedaleig in-situ per a anar comprovant la teva adaptaci\u00f3 a les modificacions realitzades pel nostre biomec\u00e0nic.<\/p>\n<p>Estudi\u00a0biomec\u00e0nic\u00a0complet: 150\u20ac (90 minuts)<\/p>\n<h4>Estudi biomec\u00e0nic advance<\/h4>\n<p>En aquest estudi realitzem una an\u00e0lisi completa dins i fora de la bici, iniciem l'estudi amb una an\u00e0lisi de la teva trepitjada i biomec\u00e0nica natural de la marxa i est\u00e0tica, a continuaci\u00f3, prenem les teves mesures antropom\u00e8triques per a ajustar la bicicleta a les teves necessitats. A m\u00e9s, mitjan\u00e7ant un sensor de pressions de gebioMized analitzem el teu pedaleig in-situ per a anar comprovant la teva adaptaci\u00f3 a les modificacions realitzades pel nostre biomec\u00e0nic. Aquest estudi inclou la col\u00b7locaci\u00f3 i adequaci\u00f3 de les cales donis de 0 segons les teves necessitats i condici\u00f3.<\/p>\n<p>Estudi\u00a0biomec\u00e0nic\u00a0advance: 200\u20ac (100 minuts)<\/p>\n<h4>Estudi biomec\u00e0nic advance pro<\/h4>\n<p>En aquest estudi realitzem una an\u00e0lisi completa dins i fora de la bici, iniciem l'estudi amb una an\u00e0lisi de la teva trepitjada i biomec\u00e0nica natural de la marxa i est\u00e0tica, a continuaci\u00f3, prenem les teves mesures antropom\u00e8triques per a ajustar la bicicleta a les teves necessitats. A m\u00e9s, mitjan\u00e7ant un sensor de pressions de gebioMized analitzem el teu pedaleig in-situ per a anar comprovant la teva adaptaci\u00f3 a les modificacions realitzades pel nostre biomec\u00e0nic. Aquest estudi inclou la col\u00b7locaci\u00f3 i adequaci\u00f3 de les cales donis de 0 segons les teves necessitats i condici\u00f3. Una vegada finalitzat l'estudi en la cl\u00ednica, sortim a la carretera amb tu per a poder comprovar els canvis realitzats en una situaci\u00f3 real de pedaleig mentre t'anem monitorant amb el sensor de pressions del sell\u00f3 des d'un vehicle que anir\u00e0 darrere de tu en la carretera.<\/p>\n<p>Estudi\u00a0biomec\u00e0nic\u00a0advance\u00a0pro: 250\u20ac (120 minuts)<\/p>\n<p>Tots els nostres estudis compten amb revisions i modificacions posteriors a l'estudi\u00a0biomec\u00e0nic\u00a0incloses en el preu, amb l'objectiu de millorar el teu rendiment i qualitat de pedaleig fins a un \u00f2ptim i perfecte ajust.<\/p>\n<p>&nbsp;<\/p>\n<\/div>\n<\/div><\/div><\/div><\/div><\/div>","protected":false},"excerpt":{"rendered":"<p>La biomec\u00e0nica del ciclista \u00e9s una eina innovadora i amb la m\u00e9s avan\u00e7ada tecnologia per a poder millorar la teva qualitat de vida amb la bicicleta. Especialistes formats amb el n\u00famero 1 de Le Tour of France t&#8217;ajudaran a aconseguir els teus objectius esportius i a gaudir m\u00e9s de la bicicleta.<\/p>\n","protected":false},"author":1,"featured_media":8896,"parent":8610,"menu_order":7,"comment_status":"closed","ping_status":"closed","template":"","meta":{"footnotes":""},"class_list":["post-8661","page","type-page","status-publish","has-post-thumbnail","hentry"],"aioseo_notices":[],"jetpack_sharing_enabled":true,"_links":{"self":[{"href":"https:\/\/gimaclinic.com\/ca\/wp-json\/wp\/v2\/pages\/8661","targetHints":{"allow":["GET"]}}],"collection":[{"href":"https:\/\/gimaclinic.com\/ca\/wp-json\/wp\/v2\/pages"}],"about":[{"href":"https:\/\/gimaclinic.com\/ca\/wp-json\/wp\/v2\/types\/page"}],"author":[{"embeddable":true,"href":"https:\/\/gimaclinic.com\/ca\/wp-json\/wp\/v2\/users\/1"}],"replies":[{"embeddable":true,"href":"https:\/\/gimaclinic.com\/ca\/wp-json\/wp\/v2\/comments?post=8661"}],"version-history":[{"count":5,"href":"https:\/\/gimaclinic.com\/ca\/wp-json\/wp\/v2\/pages\/8661\/revisions"}],"predecessor-version":[{"id":9282,"href":"https:\/\/gimaclinic.com\/ca\/wp-json\/wp\/v2\/pages\/8661\/revisions\/9282"}],"up":[{"embeddable":true,"href":"https:\/\/gimaclinic.com\/ca\/wp-json\/wp\/v2\/pages\/8610"}],"wp:featuredmedia":[{"embeddable":true,"href":"https:\/\/gimaclinic.com\/ca\/wp-json\/wp\/v2\/media\/8896"}],"wp:attachment":[{"href":"https:\/\/gimaclinic.com\/ca\/wp-json\/wp\/v2\/media?parent=8661"}],"curies":[{"name":"wp","href":"https:\/\/api.w.org\/{rel}","templated":true}]}}