{"id":8634,"date":"2021-11-09T10:29:10","date_gmt":"2021-11-09T08:29:10","guid":{"rendered":"https:\/\/gimaclinic.com\/serveis\/nutricio\/"},"modified":"2025-10-10T16:34:54","modified_gmt":"2025-10-10T14:34:54","slug":"nutricio","status":"publish","type":"page","link":"https:\/\/gimaclinic.com\/ca\/serveis\/nutricio\/","title":{"rendered":"Nutrici\u00f3"},"content":{"rendered":"<div id=\"pl-8634\"  class=\"panel-layout\" ><div id=\"pg-8634-0\"  class=\"panel-grid panel-no-style\" ><div id=\"pgc-8634-0-0\"  class=\"panel-grid-cell\" ><div id=\"panel-8634-0-0-0\" class=\"so-panel widget widget_sow-editor panel-first-child panel-last-child\" data-index=\"0\" ><div\n\t\t\t\n\t\t\tclass=\"so-widget-sow-editor so-widget-sow-editor-base\"\n\t\t\t\n\t\t><h3 class=\"widget-title\">Nutrici\u00f3: El teu cam\u00ed cap al Benestar<\/h3>\n<div class=\"siteorigin-widget-tinymce textwidget\">\n\t<\/div>\n<\/div><\/div><\/div><\/div><div id=\"pg-8634-1\"  class=\"panel-grid panel-has-style\" ><div class=\"panel-row-style panel-row-style-for-8634-1\" ><div id=\"pgc-8634-1-0\"  class=\"panel-grid-cell\" ><div id=\"panel-8634-1-0-0\" class=\"so-panel widget widget_sow-editor panel-first-child panel-last-child\" data-index=\"1\" ><div\n\t\t\t\n\t\t\tclass=\"so-widget-sow-editor so-widget-sow-editor-base\"\n\t\t\t\n\t\t>\n<div class=\"siteorigin-widget-tinymce textwidget\">\n\t<p style=\"text-align: justify;\">La <strong>Nutrici\u00f3<\/strong> \u00e9s un proc\u00e9s b\u00e0sic, essencial per a la nostra qualitat de vida i per al nostre dia a dia. Sempre ens han recomanat seguir una alimentaci\u00f3 saludable, per\u00f2, realment sabem qu\u00e8 \u00e9s?<\/p>\n<p style=\"text-align: justify;\">Descobreix un enfocament personalitzat per assolir les teves metes de benestar amb el nostre servei integral de nutrici\u00f3. Des de programes dissenyats per al control de pes fins a estrat\u00e8gies de nutrici\u00f3 esportiva per potenciar el vostre rendiment, el nostre equip d'experts us guiar\u00e0 cap a resultats tangibles. Ens enfoquem a les teves necessitats individuals, creant plans nutricionals adaptats al teu estil de vida i objectius espec\u00edfics. Ja sigui que busques perdre pes de manera sostenible o maximitzar el teu rendiment atl\u00e8tic, et proporcionarem les eines i el suport necessaris per aconseguir-ho. Transforma la teva vida a trav\u00e9s de la nutrici\u00f3 i aconsegueix la teva millor versi\u00f3!<\/p>\n<\/div>\n<\/div><\/div><\/div><div id=\"pgc-8634-1-1\"  class=\"panel-grid-cell\" ><div class=\"panel-cell-style panel-cell-style-for-8634-1-1\" ><div id=\"panel-8634-1-1-0\" class=\"so-panel widget widget_sow-editor panel-first-child panel-last-child\" data-index=\"2\" ><div\n\t\t\t\n\t\t\tclass=\"so-widget-sow-editor so-widget-sow-editor-base\"\n\t\t\t\n\t\t>\n<div class=\"siteorigin-widget-tinymce textwidget\">\n\t<p><img decoding=\"async\" class=\"alignnone size-full wp-image-7943\" src=\"https:\/\/gimaclinic.com\/wp-content\/uploads\/2021\/10\/nutrition.jpg\" alt=\"\" width=\"850\" height=\"567\" srcset=\"https:\/\/gimaclinic.com\/wp-content\/uploads\/2021\/10\/nutrition.jpg 850w, https:\/\/gimaclinic.com\/wp-content\/uploads\/2021\/10\/nutrition-300x200.jpg 300w, https:\/\/gimaclinic.com\/wp-content\/uploads\/2021\/10\/nutrition-768x512.jpg 768w, https:\/\/gimaclinic.com\/wp-content\/uploads\/2021\/10\/nutrition-360x240.jpg 360w, https:\/\/gimaclinic.com\/wp-content\/uploads\/2021\/10\/nutrition-600x400.jpg 600w, https:\/\/gimaclinic.com\/wp-content\/uploads\/2021\/10\/nutrition-272x182.jpg 272w\" sizes=\"(max-width: 850px) 100vw, 850px\" \/><\/p>\n<\/div>\n<\/div><\/div><\/div><\/div><\/div><\/div><div id=\"pg-8634-2\"  class=\"panel-grid panel-no-style\" ><div id=\"pgc-8634-2-0\"  class=\"panel-grid-cell panel-grid-cell-empty\" ><\/div><\/div><div id=\"pg-8634-3\"  class=\"panel-grid panel-no-style\" ><div id=\"pgc-8634-3-0\"  class=\"panel-grid-cell\" ><div id=\"panel-8634-3-0-0\" class=\"so-panel widget widget_sow-editor panel-first-child\" data-index=\"3\" ><div\n\t\t\t\n\t\t\tclass=\"so-widget-sow-editor so-widget-sow-editor-base\"\n\t\t\t\n\t\t><h3 class=\"widget-title\">Primera Sessi\u00f3<\/h3>\n<div class=\"siteorigin-widget-tinymce textwidget\">\n\t<p>A la primera visita de valoraci\u00f3 ens enfocarem a con\u00e8ixer-te: parlarem sobre la teva alimentaci\u00f3 i relaci\u00f3 amb el menjar. Aquesta trobada ens permetr\u00e0 comprendre millor la vostra situaci\u00f3 i els vostres objectius, <strong>a m\u00e9s d'explicar-vos els serveis disponibles i la forma de treball.<\/strong><\/p>\n<\/div>\n<\/div><\/div><div id=\"panel-8634-3-0-1\" class=\"so-panel widget widget_sow-editor\" data-index=\"4\" ><div\n\t\t\t\n\t\t\tclass=\"so-widget-sow-editor so-widget-sow-editor-base\"\n\t\t\t\n\t\t><h3 class=\"widget-title\">Entrevista cl\u00ednica inicial<\/h3>\n<div class=\"siteorigin-widget-tinymce textwidget\">\n\t<p>Despr\u00e9s d'aquesta valoraci\u00f3, realitzarem una primera entrevista cl\u00ednica on aprofundirem en el teu cas i establirem un <strong>pla nutricional adaptat a les teves necessitats.<\/strong><\/p>\n<\/div>\n<\/div><\/div><div id=\"panel-8634-3-0-2\" class=\"so-panel widget widget_sow-editor panel-last-child\" data-index=\"5\" ><div\n\t\t\t\n\t\t\tclass=\"so-widget-sow-editor so-widget-sow-editor-base\"\n\t\t\t\n\t\t><h3 class=\"widget-title\">Sessi\u00f3 de seguiment<\/h3>\n<div class=\"siteorigin-widget-tinymce textwidget\">\n\t<p>Podr\u00e0s continuar amb un seguiment personalitzat, triant <strong>entre consultes individuals o packs de visites<\/strong>, dissenyats per acompanyar-te en el teu proc\u00e9s i facilitar el teu progr\u00e9s cap a una millor salut i benestar.<\/p>\n<\/div>\n<\/div><\/div><\/div><\/div><div id=\"pg-8634-4\"  class=\"panel-grid panel-no-style\" ><div id=\"pgc-8634-4-0\"  class=\"panel-grid-cell\" ><div id=\"panel-8634-4-0-0\" class=\"so-panel widget widget_sow-editor panel-first-child panel-last-child\" data-index=\"6\" ><div class=\"so-rounded panel-widget-style panel-widget-style-for-8634-4-0-0\" ><div\n\t\t\t\n\t\t\tclass=\"so-widget-sow-editor so-widget-sow-editor-base\"\n\t\t\t\n\t\t>\n<div class=\"siteorigin-widget-tinymce textwidget\">\n\t<p><strong>Assessorament (30'): 25\u20ac<\/strong><\/p>\n<\/div>\n<\/div><\/div><\/div><\/div><div id=\"pgc-8634-4-1\"  class=\"panel-grid-cell\" ><div id=\"panel-8634-4-1-0\" class=\"so-panel widget widget_sow-editor panel-first-child panel-last-child\" data-index=\"7\" ><div class=\"so-rounded panel-widget-style panel-widget-style-for-8634-4-1-0\" ><div\n\t\t\t\n\t\t\tclass=\"so-widget-sow-editor so-widget-sow-editor-base\"\n\t\t\t\n\t\t>\n<div class=\"siteorigin-widget-tinymce textwidget\">\n\t<p><strong>Pack 3 sessions: 140\u20ac<\/strong><\/p>\n<\/div>\n<\/div><\/div><\/div><\/div><div id=\"pgc-8634-4-2\"  class=\"panel-grid-cell\" ><div id=\"panel-8634-4-2-0\" class=\"so-panel widget widget_sow-editor panel-first-child panel-last-child\" data-index=\"8\" ><div class=\"so-rounded panel-widget-style panel-widget-style-for-8634-4-2-0\" ><div\n\t\t\t\n\t\t\tclass=\"so-widget-sow-editor so-widget-sow-editor-base\"\n\t\t\t\n\t\t>\n<div class=\"siteorigin-widget-tinymce textwidget\">\n\t<p><strong>Pack 4 sessions: 185\u20ac<\/strong><\/p>\n<\/div>\n<\/div><\/div><\/div><\/div><\/div><div id=\"pg-8634-5\"  class=\"panel-grid panel-no-style\" ><div id=\"pgc-8634-5-0\"  class=\"panel-grid-cell\" ><div id=\"panel-8634-5-0-0\" class=\"so-panel widget widget_sow-editor panel-first-child panel-last-child\" data-index=\"9\" ><div\n\t\t\t\n\t\t\tclass=\"so-widget-sow-editor so-widget-sow-editor-base\"\n\t\t\t\n\t\t>\n<div class=\"siteorigin-widget-tinymce textwidget\">\n\t<p>Si a la sessi\u00f3 d'Assessorament contractes algun dels nostres packs, aquesta s'inclou al preu del pack seleccionat.<\/p>\n<\/div>\n<\/div><\/div><\/div><\/div><\/div>","protected":false},"excerpt":{"rendered":"<p>Els nostres especialistes t&#8217;ajudaran a tenir una qualitat de vida nutricional perfecta amb tractaments per a millorar la teva ingesta di\u00e0ria. Una alimentaci\u00f3 saludable ha de ser equilibrada, variada i moderada, per\u00f2 a m\u00e9s hauria de ser segura, sostenible, i social.<\/p>\n","protected":false},"author":1,"featured_media":8890,"parent":8610,"menu_order":3,"comment_status":"closed","ping_status":"closed","template":"","meta":{"footnotes":""},"class_list":["post-8634","page","type-page","status-publish","has-post-thumbnail","hentry"],"aioseo_notices":[],"jetpack_sharing_enabled":true,"_links":{"self":[{"href":"https:\/\/gimaclinic.com\/ca\/wp-json\/wp\/v2\/pages\/8634","targetHints":{"allow":["GET"]}}],"collection":[{"href":"https:\/\/gimaclinic.com\/ca\/wp-json\/wp\/v2\/pages"}],"about":[{"href":"https:\/\/gimaclinic.com\/ca\/wp-json\/wp\/v2\/types\/page"}],"author":[{"embeddable":true,"href":"https:\/\/gimaclinic.com\/ca\/wp-json\/wp\/v2\/users\/1"}],"replies":[{"embeddable":true,"href":"https:\/\/gimaclinic.com\/ca\/wp-json\/wp\/v2\/comments?post=8634"}],"version-history":[{"count":6,"href":"https:\/\/gimaclinic.com\/ca\/wp-json\/wp\/v2\/pages\/8634\/revisions"}],"predecessor-version":[{"id":10780,"href":"https:\/\/gimaclinic.com\/ca\/wp-json\/wp\/v2\/pages\/8634\/revisions\/10780"}],"up":[{"embeddable":true,"href":"https:\/\/gimaclinic.com\/ca\/wp-json\/wp\/v2\/pages\/8610"}],"wp:featuredmedia":[{"embeddable":true,"href":"https:\/\/gimaclinic.com\/ca\/wp-json\/wp\/v2\/media\/8890"}],"wp:attachment":[{"href":"https:\/\/gimaclinic.com\/ca\/wp-json\/wp\/v2\/media?parent=8634"}],"curies":[{"name":"wp","href":"https:\/\/api.w.org\/{rel}","templated":true}]}}