{"id":8629,"date":"2021-11-09T10:21:31","date_gmt":"2021-11-09T08:21:31","guid":{"rendered":"https:\/\/gimaclinic.com\/serveis\/osteopatia\/"},"modified":"2024-02-07T20:27:20","modified_gmt":"2024-02-07T18:27:20","slug":"osteopatia","status":"publish","type":"page","link":"https:\/\/gimaclinic.com\/ca\/serveis\/osteopatia\/","title":{"rendered":"Osteopatia"},"content":{"rendered":"<div id=\"pl-8629\"  class=\"panel-layout\" ><div id=\"pg-8629-0\"  class=\"panel-grid panel-no-style\" ><div id=\"pgc-8629-0-0\"  class=\"panel-grid-cell\" ><div id=\"panel-8629-0-0-0\" class=\"so-panel widget widget_sow-editor panel-first-child panel-last-child\" data-index=\"0\" ><div\n\t\t\t\n\t\t\tclass=\"so-widget-sow-editor so-widget-sow-editor-base\"\n\t\t\t\n\t\t><h3 class=\"widget-title\">La import\u00e0ncia de l'Estructura Corporal<\/h3>\n<div class=\"siteorigin-widget-tinymce textwidget\">\n\t<p class=\"CosA\" style=\"text-align: justify;\">Descobreix la llibertat de moviment i benestar amb els nostres serveis d'osteopatia, una pr\u00e0ctica terap\u00e8utica innovadora que aborda les arrels de les teves malalties per brindar-te alleugeriment i vitalitat. L'osteopatia va m\u00e9s enll\u00e0 de simplement tractar s\u00edmptomes, enfocant-se a restaurar l'equilibri i l'harmonia al cos<\/p>\n<p class=\"CosA\" style=\"text-align: justify;\">Els nostres oste\u00f2pates altament capacitats empren t\u00e8cniques manuals precises i no invasives per alliberar restriccions musculars i articulars, promovent la circulaci\u00f3 sangu\u00ednia i alleujant la tensi\u00f3 acumulada. Mitjan\u00e7ant manipulacions suaus i mobilitzacions, els nostres experts treballen per restaurar la mobilitat articular i millorar la funci\u00f3 general del cos.<\/p>\n<\/div>\n<\/div><\/div><\/div><div id=\"pgc-8629-0-1\"  class=\"panel-grid-cell\" ><div id=\"panel-8629-0-1-0\" class=\"so-panel widget widget_sow-image panel-first-child panel-last-child\" data-index=\"1\" ><div\n\t\t\t\n\t\t\tclass=\"so-widget-sow-image so-widget-sow-image-default-8b5b6f678277-8629\"\n\t\t\t\n\t\t>\n<div class=\"sow-image-container\">\n\t\t<img \n\tsrc=\"https:\/\/gimaclinic.com\/wp-content\/uploads\/2024\/02\/osteopatia_back-jpg-e1707327963382.webp\" width=\"600\" height=\"600\" sizes=\"(max-width: 600px) 100vw, 600px\" title=\"osteopatia\" alt=\"Oste\u00f3pata haciendo correcci\u00f3n\" \t\tclass=\"so-widget-image\"\/>\n\t<\/div>\n\n<\/div><\/div><\/div><\/div><div id=\"pg-8629-1\"  class=\"panel-grid panel-no-style\" ><div id=\"pgc-8629-1-0\"  class=\"panel-grid-cell\" ><div id=\"panel-8629-1-0-0\" class=\"so-panel widget widget_sow-editor panel-first-child panel-last-child\" data-index=\"2\" ><div\n\t\t\t\n\t\t\tclass=\"so-widget-sow-editor so-widget-sow-editor-base\"\n\t\t\t\n\t\t>\n<div class=\"siteorigin-widget-tinymce textwidget\">\n\t<p>Els nostres professionals estan formats en osteopatia estructural, visceral i crani \u2013 sacral. Aquestes especialitats se centren de forma m\u00e9s espec\u00edfica en abordar els diferents sistemes del nostre organisme i poder oferir-te el millor servei perqu\u00e8 obtinguis uns resultats excel\u00b7lents.<\/p>\n<\/div>\n<\/div><\/div><\/div><div id=\"pgc-8629-1-1\"  class=\"panel-grid-cell\" ><div id=\"panel-8629-1-1-0\" class=\"so-panel widget widget_sow-editor panel-first-child panel-last-child\" data-index=\"3\" ><div class=\"so-rounded panel-widget-style panel-widget-style-for-8629-1-1-0\" ><div\n\t\t\t\n\t\t\tclass=\"so-widget-sow-editor so-widget-sow-editor-base\"\n\t\t\t\n\t\t>\n<div class=\"siteorigin-widget-tinymce textwidget\">\n\t<p><strong>Sessi\u00f3 d'osteopatia: 60\u20ac* (durada: 60 minuts)<\/strong><\/p>\n<p><em>*Col\u00b7laborem amb clubs i entitats esportives. A m\u00e9s, oferim bons d'osteopatia fins a un 15% de descompte. <strong>Pregunta'ns!<\/strong><\/em><\/p>\n<\/div>\n<\/div><\/div><\/div><\/div><\/div><div id=\"pg-8629-2\"  class=\"panel-grid panel-no-style\" ><div id=\"pgc-8629-2-0\"  class=\"panel-grid-cell\" ><div id=\"panel-8629-2-0-0\" class=\"so-panel widget widget_sow-image panel-first-child panel-last-child\" data-index=\"4\" ><div\n\t\t\t\n\t\t\tclass=\"so-widget-sow-image so-widget-sow-image-default-8b5b6f678277-8629\"\n\t\t\t\n\t\t>\n<div class=\"sow-image-container\">\n\t\t<img \n\tsrc=\"https:\/\/gimaclinic.com\/wp-content\/uploads\/2024\/02\/osteopatia_lumbar-jpg.webp\" width=\"600\" height=\"800\" srcset=\"https:\/\/gimaclinic.com\/wp-content\/uploads\/2024\/02\/osteopatia_lumbar-jpg.webp 600w, https:\/\/gimaclinic.com\/wp-content\/uploads\/2024\/02\/osteopatia_lumbar-225x300.webp 225w\" sizes=\"(max-width: 600px) 100vw, 600px\" title=\"osteopatia_lumbar\" alt=\"Osteopat\u00eda Lumbar\" \t\tclass=\"so-widget-image\"\/>\n\t<\/div>\n\n<\/div><\/div><\/div><div id=\"pgc-8629-2-1\"  class=\"panel-grid-cell\" ><div id=\"panel-8629-2-1-0\" class=\"so-panel widget widget_sow-editor panel-first-child panel-last-child\" data-index=\"5\" ><div\n\t\t\t\n\t\t\tclass=\"so-widget-sow-editor so-widget-sow-editor-base\"\n\t\t\t\n\t\t><h3 class=\"widget-title\">Enfocament Hol\u00edstic<\/h3>\n<div class=\"siteorigin-widget-tinymce textwidget\">\n\t<p style=\"text-align: justify;\">L'osteopatia no nom\u00e9s tracta l'\u00e0rea afectada, sin\u00f3 que aborda la totalitat de l'organisme, reconeixent la interconnexi\u00f3 de m\u00fasculs, articulacions i \u00f2rgans. Aquest enfocament hol\u00edstic no nom\u00e9s alleuja el dolor, sin\u00f3 que tamb\u00e9 optimitza el rendiment f\u00edsic i mental. Et sents atrapat en patrons de moviments limitats? L'osteopatia pot marcar la difer\u00e8ncia, alliberant-te de les barreres que impedeixen la teva llibertat de moviment.<\/p>\n<p style=\"text-align: justify;\">Un dels beneficis distintius de l'osteopatia \u00e9s la seva capacitat per abordar problemes d'arrel, ajudant a prevenir la recurr\u00e8ncia de lesions i millorant la qualitat de vida a llarg termini. Ja sigui que busquis alleugeriment per al dolor cr\u00f2nic, vulguis millorar la teva postura o simplement vulguis optimitzar el teu benestar general, l'osteopatia \u00e9s la clau per a una vida m\u00e9s saludable i activa.<\/p>\n<\/div>\n<\/div><\/div><\/div><\/div><\/div>","protected":false},"excerpt":{"rendered":"<p>Descobreix la llibertat de moviment i benestar amb els nostres serveis d&#8217;osteopatia, una pr\u00e0ctica terap\u00e8utica innovadora que aborda les arrels de les teves malalties per brindar-te alleugeriment i vitalitat. L&#8217;osteopatia va m\u00e9s enll\u00e0 de simplement tractar s\u00edmptomes, enfocant-se a restaurar l&#8217;equilibri i l&#8217;harmonia al cos Els nostres oste\u00f2pates altament capacitats empren t\u00e8cniques manuals precises i [&hellip;]<\/p>\n","protected":false},"author":1,"featured_media":8887,"parent":8610,"menu_order":2,"comment_status":"closed","ping_status":"closed","template":"","meta":{"footnotes":""},"class_list":["post-8629","page","type-page","status-publish","has-post-thumbnail","hentry"],"aioseo_notices":[],"jetpack_sharing_enabled":true,"_links":{"self":[{"href":"https:\/\/gimaclinic.com\/ca\/wp-json\/wp\/v2\/pages\/8629","targetHints":{"allow":["GET"]}}],"collection":[{"href":"https:\/\/gimaclinic.com\/ca\/wp-json\/wp\/v2\/pages"}],"about":[{"href":"https:\/\/gimaclinic.com\/ca\/wp-json\/wp\/v2\/types\/page"}],"author":[{"embeddable":true,"href":"https:\/\/gimaclinic.com\/ca\/wp-json\/wp\/v2\/users\/1"}],"replies":[{"embeddable":true,"href":"https:\/\/gimaclinic.com\/ca\/wp-json\/wp\/v2\/comments?post=8629"}],"version-history":[{"count":3,"href":"https:\/\/gimaclinic.com\/ca\/wp-json\/wp\/v2\/pages\/8629\/revisions"}],"predecessor-version":[{"id":10179,"href":"https:\/\/gimaclinic.com\/ca\/wp-json\/wp\/v2\/pages\/8629\/revisions\/10179"}],"up":[{"embeddable":true,"href":"https:\/\/gimaclinic.com\/ca\/wp-json\/wp\/v2\/pages\/8610"}],"wp:featuredmedia":[{"embeddable":true,"href":"https:\/\/gimaclinic.com\/ca\/wp-json\/wp\/v2\/media\/8887"}],"wp:attachment":[{"href":"https:\/\/gimaclinic.com\/ca\/wp-json\/wp\/v2\/media?parent=8629"}],"curies":[{"name":"wp","href":"https:\/\/api.w.org\/{rel}","templated":true}]}}