{"id":8610,"date":"2021-11-09T10:01:22","date_gmt":"2021-11-09T08:01:22","guid":{"rendered":"https:\/\/gimaclinic.com\/serveis\/"},"modified":"2024-02-07T19:28:48","modified_gmt":"2024-02-07T17:28:48","slug":"serveis","status":"publish","type":"page","link":"https:\/\/gimaclinic.com\/ca\/serveis\/","title":{"rendered":"Serveis de Ter\u00e0pia Integral"},"content":{"rendered":"<div id=\"pl-8610\"  class=\"panel-layout\" ><div id=\"pg-8610-0\"  class=\"panel-grid panel-no-style\" ><div id=\"pgc-8610-0-0\"  class=\"panel-grid-cell\" ><div id=\"panel-8610-0-0-0\" class=\"so-panel widget widget_qt_feature_page widget-featured-page panel-first-child panel-last-child\" data-index=\"0\" >\n\t\t\t<div class=\"featured-page\">\n\t\t\t\t\t\t\t\t\t<div class=\"featured-page--image\">\n\t\t\t\t\t\t<a href=\"https:\/\/gimaclinic.com\/ca\/serveis\/fisioterapia\/\">\n\t\t\t\t\t\t\t<img decoding=\"async\" width=\"360\" height=\"240\" src=\"https:\/\/gimaclinic.com\/wp-content\/uploads\/2022\/01\/fisoterpia_Box-360x240.jpg\" class=\"attachment-physio-qt-featured-s size-physio-qt-featured-s\" alt=\"Fisioter\u00e0pia\" srcset=\"https:\/\/gimaclinic.com\/wp-content\/uploads\/2022\/01\/fisoterpia_Box-360x240.jpg 360w, https:\/\/gimaclinic.com\/wp-content\/uploads\/2022\/01\/fisoterpia_Box-850x567.jpg 850w, https:\/\/gimaclinic.com\/wp-content\/uploads\/2022\/01\/fisoterpia_Box-272x182.jpg 272w\" sizes=\"(min-width: 781px) 360px, calc(100vw - 30px)\" \/>\t\t\t\t\t\t\t<div class=\"featured-page--overlay\">\n\t\t\t\t\t\t\t\t\t\t\t\t\t\t\t\t\t<div class=\"overlay--center\">\n\t\t\t\t\t\t\t\t\t\t<span>Saber-ne m\u00e9s<\/span>\n\t\t\t\t\t\t\t\t\t<\/div>\n\t\t\t\t\t\t\t\t\t\t\t\t\t\t\t<\/div>\n\t\t\t\t\t\t<\/a>\n\t\t\t\t\t<\/div>\n\t\t\t\t\t\t\t\t<div class=\"featured-page--content\">\n\t\t\t\t\t<h4 class=\"featued-page--title\">\n\t\t\t\t\t\t<a href=\"https:\/\/gimaclinic.com\/ca\/serveis\/fisioterapia\/\">Fisioter\u00e0pia<\/a>\n\t\t\t\t\t<\/h4>\n\t\t\t\t\t\t\t\t\t\t\t<p>La Fisioter\u00e0pia ajuda les persones a prevenir, rehabilitar i readaptar qualsevol alteraci\u00f3 del nostre organisme. La ter\u00e0pia de massatge implica la manipulaci\u00f3 de les estructures...<\/p>\n\t\t\t\t\t\t\t\t\t\t\t\t\t\t\t\t<a href=\"https:\/\/gimaclinic.com\/ca\/serveis\/fisioterapia\/\" class=\"text-link\">Saber-ne m\u00e9s<\/a>\n\t\t\t\t\t\t\t\t\t<\/div>\n\t\t\t<\/div>\n\n\t\t\t<\/div><\/div><div id=\"pgc-8610-0-1\"  class=\"panel-grid-cell\" ><div id=\"panel-8610-0-1-0\" class=\"so-panel widget widget_qt_feature_page widget-featured-page panel-first-child panel-last-child\" data-index=\"1\" >\n\t\t\t<div class=\"featured-page\">\n\t\t\t\t\t\t\t\t\t<div class=\"featured-page--image\">\n\t\t\t\t\t\t<a href=\"https:\/\/gimaclinic.com\/ca\/serveis\/nutricio\/\">\n\t\t\t\t\t\t\t<img decoding=\"async\" width=\"360\" height=\"240\" src=\"https:\/\/gimaclinic.com\/wp-content\/uploads\/2022\/01\/nutrition-360x240.jpg\" class=\"attachment-physio-qt-featured-s size-physio-qt-featured-s\" alt=\"Nutrici\u00f3\" srcset=\"https:\/\/gimaclinic.com\/wp-content\/uploads\/2022\/01\/nutrition-360x240.jpg 360w, https:\/\/gimaclinic.com\/wp-content\/uploads\/2022\/01\/nutrition-850x567.jpg 850w, https:\/\/gimaclinic.com\/wp-content\/uploads\/2022\/01\/nutrition-272x182.jpg 272w\" sizes=\"(min-width: 781px) 360px, calc(100vw - 30px)\" \/>\t\t\t\t\t\t\t<div class=\"featured-page--overlay\">\n\t\t\t\t\t\t\t\t\t\t\t\t\t\t\t\t\t<div class=\"overlay--center\">\n\t\t\t\t\t\t\t\t\t\t<span>Saber-ne m\u00e9s<\/span>\n\t\t\t\t\t\t\t\t\t<\/div>\n\t\t\t\t\t\t\t\t\t\t\t\t\t\t\t<\/div>\n\t\t\t\t\t\t<\/a>\n\t\t\t\t\t<\/div>\n\t\t\t\t\t\t\t\t<div class=\"featured-page--content\">\n\t\t\t\t\t<h4 class=\"featued-page--title\">\n\t\t\t\t\t\t<a href=\"https:\/\/gimaclinic.com\/ca\/serveis\/nutricio\/\">Nutrici\u00f3<\/a>\n\t\t\t\t\t<\/h4>\n\t\t\t\t\t\t\t\t\t\t\t<p>Els nostres especialistes t&#039;ajudaran a tenir una qualitat de vida nutricional perfecta amb tractaments per a millorar la teva ingesta di\u00e0ria. Una alimentaci\u00f3 saludable ha de ser equilibrada,...<\/p>\n\t\t\t\t\t\t\t\t\t\t\t\t\t\t\t\t<a href=\"https:\/\/gimaclinic.com\/ca\/serveis\/nutricio\/\" class=\"text-link\">Saber-ne m\u00e9s<\/a>\n\t\t\t\t\t\t\t\t\t<\/div>\n\t\t\t<\/div>\n\n\t\t\t<\/div><\/div><div id=\"pgc-8610-0-2\"  class=\"panel-grid-cell\" ><div id=\"panel-8610-0-2-0\" class=\"so-panel widget widget_qt_feature_page widget-featured-page panel-first-child panel-last-child\" data-index=\"2\" >\n\t\t\t<div class=\"featured-page\">\n\t\t\t\t\t\t\t\t\t<div class=\"featured-page--image\">\n\t\t\t\t\t\t<a href=\"https:\/\/gimaclinic.com\/ca\/serveis\/osteopatia\/\">\n\t\t\t\t\t\t\t<img decoding=\"async\" width=\"360\" height=\"240\" src=\"https:\/\/gimaclinic.com\/wp-content\/uploads\/2022\/01\/osteopatia_lumbar-360x240.jpg\" class=\"attachment-physio-qt-featured-s size-physio-qt-featured-s\" alt=\"Osteopatia\" srcset=\"https:\/\/gimaclinic.com\/wp-content\/uploads\/2022\/01\/osteopatia_lumbar-360x240.jpg 360w, https:\/\/gimaclinic.com\/wp-content\/uploads\/2022\/01\/osteopatia_lumbar-850x567.jpg 850w, https:\/\/gimaclinic.com\/wp-content\/uploads\/2022\/01\/osteopatia_lumbar-272x182.jpg 272w\" sizes=\"(min-width: 781px) 360px, calc(100vw - 30px)\" \/>\t\t\t\t\t\t\t<div class=\"featured-page--overlay\">\n\t\t\t\t\t\t\t\t\t\t\t\t\t\t\t\t\t<div class=\"overlay--center\">\n\t\t\t\t\t\t\t\t\t\t<span>Saber-ne m\u00e9s<\/span>\n\t\t\t\t\t\t\t\t\t<\/div>\n\t\t\t\t\t\t\t\t\t\t\t\t\t\t\t<\/div>\n\t\t\t\t\t\t<\/a>\n\t\t\t\t\t<\/div>\n\t\t\t\t\t\t\t\t<div class=\"featured-page--content\">\n\t\t\t\t\t<h4 class=\"featued-page--title\">\n\t\t\t\t\t\t<a href=\"https:\/\/gimaclinic.com\/ca\/serveis\/osteopatia\/\">Osteopatia<\/a>\n\t\t\t\t\t<\/h4>\n\t\t\t\t\t\t\t\t\t\t\t<p>La import\u00e0ncia de l&#039;Estructura Corporal\n\n\tDescobreix la llibertat de moviment i benestar amb els nostres serveis d&#039;osteopatia, una pr\u00e0ctica terap\u00e8utica innovadora que aborda les...<\/p>\n\t\t\t\t\t\t\t\t\t\t\t\t\t\t\t\t<a href=\"https:\/\/gimaclinic.com\/ca\/serveis\/osteopatia\/\" class=\"text-link\">Saber-ne m\u00e9s<\/a>\n\t\t\t\t\t\t\t\t\t<\/div>\n\t\t\t<\/div>\n\n\t\t\t<\/div><\/div><\/div><div id=\"pg-8610-1\"  class=\"panel-grid panel-no-style\" ><div id=\"pgc-8610-1-0\"  class=\"panel-grid-cell\" ><div id=\"panel-8610-1-0-0\" class=\"so-panel widget widget_qt_feature_page widget-featured-page panel-first-child panel-last-child\" data-index=\"3\" >\n\t\t\t<div class=\"featured-page\">\n\t\t\t\t\t\t\t\t\t<div class=\"featured-page--image\">\n\t\t\t\t\t\t<a href=\"https:\/\/gimaclinic.com\/ca\/serveis\/entrenament-personal\/\">\n\t\t\t\t\t\t\t<img decoding=\"async\" width=\"360\" height=\"240\" src=\"https:\/\/gimaclinic.com\/wp-content\/uploads\/2022\/01\/personal-training-360x240.jpg\" class=\"attachment-physio-qt-featured-s size-physio-qt-featured-s\" alt=\"Entrenament Funcional\" srcset=\"https:\/\/gimaclinic.com\/wp-content\/uploads\/2022\/01\/personal-training-360x240.jpg 360w, https:\/\/gimaclinic.com\/wp-content\/uploads\/2022\/01\/personal-training-850x567.jpg 850w, https:\/\/gimaclinic.com\/wp-content\/uploads\/2022\/01\/personal-training-272x182.jpg 272w\" sizes=\"(min-width: 781px) 360px, calc(100vw - 30px)\" \/>\t\t\t\t\t\t\t<div class=\"featured-page--overlay\">\n\t\t\t\t\t\t\t\t\t\t\t\t\t\t\t\t\t<div class=\"overlay--center\">\n\t\t\t\t\t\t\t\t\t\t<span>Saber-ne m\u00e9s<\/span>\n\t\t\t\t\t\t\t\t\t<\/div>\n\t\t\t\t\t\t\t\t\t\t\t\t\t\t\t<\/div>\n\t\t\t\t\t\t<\/a>\n\t\t\t\t\t<\/div>\n\t\t\t\t\t\t\t\t<div class=\"featured-page--content\">\n\t\t\t\t\t<h4 class=\"featued-page--title\">\n\t\t\t\t\t\t<a href=\"https:\/\/gimaclinic.com\/ca\/serveis\/entrenament-personal\/\">Entrenament Funcional<\/a>\n\t\t\t\t\t<\/h4>\n\t\t\t\t\t\t\t\t\t\t\t<p>Els nostres experts Preparadors F\u00edsics estan especialitzats per a oferir-te un programa d&#039;entrenament \u00f2ptim i exclusiu per a tu. T&#039;ajudaran a aconseguir els teus objectius per a millorar...<\/p>\n\t\t\t\t\t\t\t\t\t\t\t\t\t\t\t\t<a href=\"https:\/\/gimaclinic.com\/ca\/serveis\/entrenament-personal\/\" class=\"text-link\">Saber-ne m\u00e9s<\/a>\n\t\t\t\t\t\t\t\t\t<\/div>\n\t\t\t<\/div>\n\n\t\t\t<\/div><\/div><div id=\"pgc-8610-1-1\"  class=\"panel-grid-cell\" ><div id=\"panel-8610-1-1-0\" class=\"so-panel widget widget_qt_feature_page widget-featured-page panel-first-child panel-last-child\" data-index=\"4\" >\n\t\t\t<div class=\"featured-page\">\n\t\t\t\t\t\t\t\t\t<div class=\"featured-page--image\">\n\t\t\t\t\t\t<a href=\"https:\/\/gimaclinic.com\/ca\/serveis\/biomecanica-del-ciclista\/\">\n\t\t\t\t\t\t\t<img decoding=\"async\" width=\"360\" height=\"240\" src=\"https:\/\/gimaclinic.com\/wp-content\/uploads\/2022\/01\/bike-biomechanic_podium-360x240.jpg\" class=\"attachment-physio-qt-featured-s size-physio-qt-featured-s\" alt=\"Biomec\u00e0nica del ciclista\" srcset=\"https:\/\/gimaclinic.com\/wp-content\/uploads\/2022\/01\/bike-biomechanic_podium-360x240.jpg 360w, https:\/\/gimaclinic.com\/wp-content\/uploads\/2022\/01\/bike-biomechanic_podium-850x567.jpg 850w, https:\/\/gimaclinic.com\/wp-content\/uploads\/2022\/01\/bike-biomechanic_podium-272x182.jpg 272w\" sizes=\"(min-width: 781px) 360px, calc(100vw - 30px)\" \/>\t\t\t\t\t\t\t<div class=\"featured-page--overlay\">\n\t\t\t\t\t\t\t\t\t\t\t\t\t\t\t\t\t<div class=\"overlay--center\">\n\t\t\t\t\t\t\t\t\t\t<span>Saber-ne m\u00e9s<\/span>\n\t\t\t\t\t\t\t\t\t<\/div>\n\t\t\t\t\t\t\t\t\t\t\t\t\t\t\t<\/div>\n\t\t\t\t\t\t<\/a>\n\t\t\t\t\t<\/div>\n\t\t\t\t\t\t\t\t<div class=\"featured-page--content\">\n\t\t\t\t\t<h4 class=\"featued-page--title\">\n\t\t\t\t\t\t<a href=\"https:\/\/gimaclinic.com\/ca\/serveis\/biomecanica-del-ciclista\/\">Biomec\u00e0nica del ciclista<\/a>\n\t\t\t\t\t<\/h4>\n\t\t\t\t\t\t\t\t\t\t\t<p>La biomec\u00e0nica del ciclista \u00e9s una eina innovadora i amb la m\u00e9s avan\u00e7ada tecnologia per a poder millorar la teva qualitat de vida amb la bicicleta. Especialistes formats amb el...<\/p>\n\t\t\t\t\t\t\t\t\t\t\t\t\t\t\t\t<a href=\"https:\/\/gimaclinic.com\/ca\/serveis\/biomecanica-del-ciclista\/\" class=\"text-link\">Saber-ne m\u00e9s<\/a>\n\t\t\t\t\t\t\t\t\t<\/div>\n\t\t\t<\/div>\n\n\t\t\t<\/div><\/div><div id=\"pgc-8610-1-2\"  class=\"panel-grid-cell\" ><div id=\"panel-8610-1-2-0\" class=\"so-panel widget widget_qt_feature_page widget-featured-page panel-first-child panel-last-child\" data-index=\"5\" >\n\t\t\t<div class=\"featured-page\">\n\t\t\t\t\t\t\t\t\t<div class=\"featured-page--image\">\n\t\t\t\t\t\t<a href=\"https:\/\/gimaclinic.com\/ca\/serveis\/psicologia\/\">\n\t\t\t\t\t\t\t<img decoding=\"async\" width=\"360\" height=\"240\" src=\"https:\/\/gimaclinic.com\/wp-content\/uploads\/2021\/10\/services_psychology-360x240.jpg\" class=\"attachment-physio-qt-featured-s size-physio-qt-featured-s\" alt=\"Psicologia\" srcset=\"https:\/\/gimaclinic.com\/wp-content\/uploads\/2021\/10\/services_psychology-360x240.jpg 360w, https:\/\/gimaclinic.com\/wp-content\/uploads\/2021\/10\/services_psychology-300x200.jpg 300w, https:\/\/gimaclinic.com\/wp-content\/uploads\/2021\/10\/services_psychology-768x512.jpg 768w, https:\/\/gimaclinic.com\/wp-content\/uploads\/2021\/10\/services_psychology.jpg 850w, https:\/\/gimaclinic.com\/wp-content\/uploads\/2021\/10\/services_psychology-600x400.jpg 600w, https:\/\/gimaclinic.com\/wp-content\/uploads\/2021\/10\/services_psychology-272x182.jpg 272w\" sizes=\"(min-width: 781px) 360px, calc(100vw - 30px)\" \/>\t\t\t\t\t\t\t<div class=\"featured-page--overlay\">\n\t\t\t\t\t\t\t\t\t\t\t\t\t\t\t\t\t<div class=\"overlay--center\">\n\t\t\t\t\t\t\t\t\t\t<span>Saber-ne m\u00e9s<\/span>\n\t\t\t\t\t\t\t\t\t<\/div>\n\t\t\t\t\t\t\t\t\t\t\t\t\t\t\t<\/div>\n\t\t\t\t\t\t<\/a>\n\t\t\t\t\t<\/div>\n\t\t\t\t\t\t\t\t<div class=\"featured-page--content\">\n\t\t\t\t\t<h4 class=\"featued-page--title\">\n\t\t\t\t\t\t<a href=\"https:\/\/gimaclinic.com\/ca\/serveis\/psicologia\/\">Psicologia<\/a>\n\t\t\t\t\t<\/h4>\n\t\t\t\t\t\t\t\t\t\t\t<p>La Psicologia \u00e9s una ci\u00e8ncia essencial per cada un de nosaltres. La salut mental \u00e9s un altre sector de la salut molt important per poder arribar a complir els teus objectius. \u00c9s...<\/p>\n\t\t\t\t\t\t\t\t\t\t\t\t\t\t\t\t<a href=\"https:\/\/gimaclinic.com\/ca\/serveis\/psicologia\/\" class=\"text-link\">Saber-ne m\u00e9s<\/a>\n\t\t\t\t\t\t\t\t\t<\/div>\n\t\t\t<\/div>\n\n\t\t\t<\/div><\/div><\/div><div id=\"pg-8610-2\"  class=\"panel-grid panel-no-style\" ><div id=\"pgc-8610-2-0\"  class=\"panel-grid-cell\" ><div id=\"panel-8610-2-0-0\" class=\"so-panel widget widget_qt_feature_page widget-featured-page panel-first-child panel-last-child\" data-index=\"6\" >\n\t\t\t<div class=\"featured-page\">\n\t\t\t\t\t\t\t\t<div class=\"featured-page--content\">\n\t\t\t\t\t<h4 class=\"featued-page--title\">\n\t\t\t\t\t\t<a href=\"\"><\/a>\n\t\t\t\t\t<\/h4>\n\t\t\t\t\t\t\t\t\t\t\t\t\t\t\t\t<a href=\"\" class=\"text-link\">Saber-ne m\u00e9s<\/a>\n\t\t\t\t\t\t\t\t\t<\/div>\n\t\t\t<\/div>\n\n\t\t\t<\/div><\/div><div id=\"pgc-8610-2-1\"  class=\"panel-grid-cell panel-grid-cell-empty panel-grid-cell-mobile-last\" ><\/div><div id=\"pgc-8610-2-2\"  class=\"panel-grid-cell panel-grid-cell-empty\" ><\/div><\/div><\/div>","protected":false},"excerpt":{"rendered":"<p>Saber-ne m\u00e9s Fisioter\u00e0pia La Fisioter\u00e0pia ajuda les persones a prevenir, rehabilitar i readaptar qualsevol alteraci\u00f3 del nostre organisme. La ter\u00e0pia de massatge implica la manipulaci\u00f3 de les estructures&#8230; Saber-ne m\u00e9s Saber-ne m\u00e9s Nutrici\u00f3 Els nostres especialistes t&#039;ajudaran a tenir una qualitat de vida nutricional perfecta amb tractaments per a millorar la teva ingesta di\u00e0ria. Una [&hellip;]<\/p>\n","protected":false},"author":1,"featured_media":0,"parent":0,"menu_order":0,"comment_status":"closed","ping_status":"closed","template":"","meta":{"footnotes":""},"class_list":["post-8610","page","type-page","status-publish","hentry"],"aioseo_notices":[],"jetpack_sharing_enabled":true,"_links":{"self":[{"href":"https:\/\/gimaclinic.com\/ca\/wp-json\/wp\/v2\/pages\/8610","targetHints":{"allow":["GET"]}}],"collection":[{"href":"https:\/\/gimaclinic.com\/ca\/wp-json\/wp\/v2\/pages"}],"about":[{"href":"https:\/\/gimaclinic.com\/ca\/wp-json\/wp\/v2\/types\/page"}],"author":[{"embeddable":true,"href":"https:\/\/gimaclinic.com\/ca\/wp-json\/wp\/v2\/users\/1"}],"replies":[{"embeddable":true,"href":"https:\/\/gimaclinic.com\/ca\/wp-json\/wp\/v2\/comments?post=8610"}],"version-history":[{"count":10,"href":"https:\/\/gimaclinic.com\/ca\/wp-json\/wp\/v2\/pages\/8610\/revisions"}],"predecessor-version":[{"id":10166,"href":"https:\/\/gimaclinic.com\/ca\/wp-json\/wp\/v2\/pages\/8610\/revisions\/10166"}],"wp:attachment":[{"href":"https:\/\/gimaclinic.com\/ca\/wp-json\/wp\/v2\/media?parent=8610"}],"curies":[{"name":"wp","href":"https:\/\/api.w.org\/{rel}","templated":true}]}}