{"id":8555,"date":"2021-11-08T18:05:40","date_gmt":"2021-11-08T16:05:40","guid":{"rendered":"https:\/\/gimaclinic.com\/contactans\/"},"modified":"2024-11-08T11:41:38","modified_gmt":"2024-11-08T09:41:38","slug":"contactans","status":"publish","type":"page","link":"https:\/\/gimaclinic.com\/ca\/contactans\/","title":{"rendered":"Contacta&#8217;ns"},"content":{"rendered":"<div id=\"pl-8555\"  class=\"panel-layout\" ><div id=\"pg-8555-0\"  class=\"panel-grid panel-no-style\" ><div id=\"pgc-8555-0-0\"  class=\"panel-grid-cell\" ><div id=\"panel-8555-0-0-0\" class=\"so-panel widget widget_sow-editor panel-first-child\" data-index=\"0\" ><div class=\"featured-box panel-widget-style panel-widget-style-for-8555-0-0-0\" ><div\n\t\t\t\n\t\t\tclass=\"so-widget-sow-editor so-widget-sow-editor-base\"\n\t\t\t\n\t\t>\n<div class=\"siteorigin-widget-tinymce textwidget\">\n\t<p><strong>Gima Clinic<br \/>\n<\/strong><span style=\"line-height: 1.5;\">Cam\u00ed de Riudoms, 44<br \/>\n<\/span><span style=\"line-height: 1.5;\"><span class=\"lRsTH-Tswv1b-text\"><span class=\"widget-pane-link\">43202 Reus, Tarragona<\/span><br \/>\n<span style=\"line-height: 1.5;\">Espa\u00f1a<\/span><\/span><\/span><\/p>\n<hr \/>\n<p><strong>Tel\u00e8fon<br \/>\n<\/strong><\/p>\n<p><a href=\"tel:0034610147245\">(+34) 610 147 245<\/a><\/p>\n<hr \/>\n<p><strong>Correu Electr\u00f2nic<br \/>\n<\/strong><a href=\"mailto:info@gimaclinic.com\">info@gimaclinic.com<\/a><\/p>\n<hr \/>\n<p><strong>Xarxes Socials<br \/>\n<\/strong><\/p>\n<div class=\"sidebar-left__social-icons\"><a class=\"icon-wrap\" href=\"https:\/\/www.instagram.com\/gimaclinic\" target=\"_self\" rel=\"noopener\"><i class=\"fab fa-instagram\"><\/i><\/a><a class=\"icon-wrap\" href=\"https:\/\/www.facebook.com\/GIMA-Clinic-104867055312772\/\" target=\"_blank\" rel=\"noopener\"><i class=\"fab fa-facebook-f\"><\/i><\/a><a class=\"icon-wrap\" href=\"https:\/\/wa.me\/message\/RAWP5QISCR7DC1\" target=\"_blank\" rel=\"noopener\"><i class=\"fab fa-whatsapp\"><\/i><\/a><\/div>\n<\/div>\n<\/div><\/div><\/div><div id=\"panel-8555-0-0-1\" class=\"so-panel widget widget_qt_opening_hours widget-opening-hours panel-last-child\" data-index=\"1\" ><div class=\"smaller-widget-title panel-widget-style panel-widget-style-for-8555-0-0-1\" ><h3 class=\"widget-title\">El nostre Horari<\/h3><div class=\"opening-hours\"><ul><li class=\"weekday\">Dilluns<span class=\"right\">09:00 - 21:00<\/span><\/li><li class=\"weekday today\">Dimarts<span class=\"right\">09:00 - 21:00<\/span><\/li><li class=\"weekday\">Dimecres<span class=\"right\">09:00 - 21:00<\/span><\/li><li class=\"weekday\">Dijous<span class=\"right\">09:00 - 21:00<\/span><\/li><li class=\"weekday\">Divendres<span class=\"right\">09:00 - 21:00<\/span><\/li><li class=\"weekday\">Dissabte<span class=\"right label\">TANCAT<\/span><\/li><li class=\"weekday\">Diumenge<span class=\"right label\">TANCAT<\/span><\/li><\/ul><\/div><\/div><\/div><\/div><div id=\"pgc-8555-0-1\"  class=\"panel-grid-cell\" ><div id=\"panel-8555-0-1-0\" class=\"so-panel widget widget_sow-button panel-first-child\" data-index=\"2\" ><div\n\t\t\t\n\t\t\tclass=\"so-widget-sow-button so-widget-sow-button-flat-e27590487dea-8555\"\n\t\t\t\n\t\t><div class=\"ow-button-base ow-button-align-center\"\n>\n\t\t\t<a\n\t\t\t\t\thref=\"https:\/\/api.whatsapp.com\/message\/RAWP5QISCR7DC1\"\n\t\t\t\t\tclass=\"sowb-button ow-icon-placement-left ow-button-hover\" target=\"_blank\" rel=\"noopener noreferrer\" \t>\n\t\t<span>\n\t\t\t<span class=\"sow-icon-icomoon\" data-sow-icon=\"&#xea93;\"\n\t\tstyle=\"color: #ffffff\" \n\t\taria-hidden=\"true\"><\/span>\n\t\t\tContacta per WhatsApp\t\t<\/span>\n\t\t\t<\/a>\n\t<\/div>\n<\/div><\/div><div id=\"panel-8555-0-1-1\" class=\"so-panel widget widget_qt_google_map_iframe widget-google-map-iframe\" data-index=\"3\" >\n\t    \t<div class=\"qt-map-iframe\">\n\t\t\t\t<iframe frameborder=\"0\" title=\"Google Maps\" src=\"https:\/\/maps.google.com\/maps?f=q&source=s_q&hl=en&geocode=&q=Cam\u00ed+de+Riudoms+44+43202+Reus+Tarragona&z=15&output=embed\" width=\"100%\" height=\"337px;\"><\/iframe>\n\t\t\t<\/div>\n\t\t\t\t\n\t\t\t<\/div><div id=\"panel-8555-0-1-2\" class=\"so-panel widget widget_sow-editor\" data-index=\"4\" ><div class=\"smaller-widget-title panel-widget-style panel-widget-style-for-8555-0-1-2\" ><div\n\t\t\t\n\t\t\tclass=\"so-widget-sow-editor so-widget-sow-editor-base\"\n\t\t\t\n\t\t><h3 class=\"widget-title\">Envia'ns un missatge<\/h3>\n<div class=\"siteorigin-widget-tinymce textwidget\">\n\t<p>No dubtis a fer-nos part\u00edcips de les teves consultes. Pots contactar amb nosaltres via tel\u00e8fon, enviant-nos un correu electr\u00f2nic o si ho prefereixes pots emplenar el seg\u00fcent formulari de contacte. Els nostres professionals estaran encantats d'ajudar-te!<\/p>\n<\/div>\n<\/div><\/div><\/div><div id=\"panel-8555-0-1-3\" class=\"so-panel widget widget_sow-editor panel-last-child\" data-index=\"5\" ><div class=\"contact_form panel-widget-style panel-widget-style-for-8555-0-1-3\" ><div\n\t\t\t\n\t\t\tclass=\"so-widget-sow-editor so-widget-sow-editor-base\"\n\t\t\t\n\t\t>\n<div class=\"siteorigin-widget-tinymce textwidget\">\n\t\n<div class=\"wpcf7 no-js\" id=\"wpcf7-f8556-o1\" lang=\"ca\" dir=\"ltr\" data-wpcf7-id=\"8556\">\n<div class=\"screen-reader-response\"><p role=\"status\" aria-live=\"polite\" aria-atomic=\"true\"><\/p> <ul><\/ul><\/div>\n<form action=\"\/ca\/wp-json\/wp\/v2\/pages\/8555#wpcf7-f8556-o1\" method=\"post\" class=\"wpcf7-form init\" aria-label=\"Formulari de contacte\" novalidate=\"novalidate\" data-status=\"init\">\n<fieldset class=\"hidden-fields-container\"><input type=\"hidden\" name=\"_wpcf7\" value=\"8556\" \/><input type=\"hidden\" name=\"_wpcf7_version\" value=\"6.1.5\" \/><input type=\"hidden\" name=\"_wpcf7_locale\" value=\"ca\" \/><input type=\"hidden\" name=\"_wpcf7_unit_tag\" value=\"wpcf7-f8556-o1\" \/><input type=\"hidden\" name=\"_wpcf7_container_post\" value=\"0\" \/><input type=\"hidden\" name=\"_wpcf7_posted_data_hash\" value=\"\" \/>\n<\/fieldset>\n<div class=\"white-featured-box cf\">\n\t<div class=\"row\">\n\t\t<div class=\"col-xs-12 col-md-6\">\n\t\t\t<div>\n\t\t\t\t<p><label for=\"input_full-name\">Nom<span class=\"required\">*<\/span><\/label><br \/>\n<span class=\"wpcf7-form-control-wrap\" data-name=\"your-name\"><input size=\"40\" maxlength=\"400\" class=\"wpcf7-form-control wpcf7-text wpcf7-validates-as-required\" id=\"input_full-name\" aria-required=\"true\" aria-invalid=\"false\" value=\"Nom complet\" type=\"text\" name=\"your-name\" \/><\/span>\n\t\t\t\t<\/p>\n\t\t\t<\/div>\n\t\t\t<div>\n\t\t\t\t<p><label for=\"input_email\">Email<\/label><span class=\"required\">*<\/span><br \/>\n<span class=\"wpcf7-form-control-wrap\" data-name=\"your-email\"><input size=\"40\" maxlength=\"400\" class=\"wpcf7-form-control wpcf7-email wpcf7-validates-as-required wpcf7-text wpcf7-validates-as-email\" id=\"input_email\" aria-required=\"true\" aria-invalid=\"false\" value=\"Adre\u00e7a de correu electr\u00f2nic\" type=\"email\" name=\"your-email\" \/><\/span>\n\t\t\t\t<\/p>\n\t\t\t<\/div>\n\t\t\t<div>\n\t\t\t\t<p><label for=\"input_phone\">Tel\u00e8fon<\/label><span class=\"required\">*<\/span><br \/>\n<span class=\"wpcf7-form-control-wrap\" data-name=\"your-phone\"><input size=\"40\" maxlength=\"400\" class=\"wpcf7-form-control wpcf7-tel wpcf7-validates-as-required wpcf7-text wpcf7-validates-as-tel\" id=\"input_phone\" aria-required=\"true\" aria-invalid=\"false\" value=\"N\u00famero de tel\u00e8fon\" type=\"tel\" name=\"your-phone\" \/><\/span>\n\t\t\t\t<\/p>\n\t\t\t<\/div>\n\t\t<\/div>\n\t\t<div class=\"col-xs-12 col-md-6\">\n\t\t\t<div>\n\t\t\t\t<p><label for=\"input_subject\">Assumpte<span class=\"required\">*<\/span><\/label><br \/>\n<span class=\"wpcf7-form-control-wrap\" data-name=\"your-subject\"><input size=\"40\" maxlength=\"400\" class=\"wpcf7-form-control wpcf7-text wpcf7-validates-as-required\" id=\"input_subject\" aria-required=\"true\" aria-invalid=\"false\" value=\"Motiu del Missatge\" type=\"text\" name=\"your-subject\" \/><\/span>\n\t\t\t\t<\/p>\n\t\t\t<\/div>\n\t\t\t<div>\n\t\t\t\t<p><label for=\"input_message\">El teu Missatge<\/label><span class=\"required\">*<\/span><br \/>\n<span class=\"wpcf7-form-control-wrap\" data-name=\"your-message\"><textarea cols=\"40\" rows=\"10\" maxlength=\"2000\" class=\"wpcf7-form-control wpcf7-textarea wpcf7-validates-as-required\" id=\"input_message\" aria-required=\"true\" aria-invalid=\"false\" name=\"your-message\">Escriu el teu missatge\u2026<\/textarea><\/span>\n\t\t\t\t<\/p>\n\t\t\t<\/div>\n\t\t<\/div>\n\t<\/div>\n\t<div class=\"row\">\n\t\t<div class=\"col-xs-12\">\n\t\t\t<div class=\"btn-group_form-action float-end\">\n\t\t\t\t<p><input type=\"reset\" class=\"btn btn-outline\" value=\"Esborrar formulari\" \/><input class=\"wpcf7-form-control wpcf7-submit has-spinner btn btn-primary\" type=\"submit\" value=\"Enviar Missatge\" \/>\n\t\t\t\t<\/p>\n\t\t\t<\/div>\n\t\t<\/div>\n\t<\/div>\n<\/div><p style=\"display: none !important;\" class=\"akismet-fields-container\" data-prefix=\"_wpcf7_ak_\"><label>&#916;<textarea name=\"_wpcf7_ak_hp_textarea\" cols=\"45\" rows=\"8\" maxlength=\"100\"><\/textarea><\/label><input type=\"hidden\" id=\"ak_js_1\" name=\"_wpcf7_ak_js\" value=\"209\"\/><script type=\"text\/javascript\">\n\/* <![CDATA[ *\/\ndocument.getElementById( \"ak_js_1\" ).setAttribute( \"value\", ( new Date() ).getTime() );\n\/* ]]> *\/\n<\/script>\n<\/p><div class=\"wpcf7-response-output\" aria-hidden=\"true\"><\/div>\n<\/form>\n<\/div>\n\n<\/div>\n<\/div><\/div><\/div><\/div><\/div><\/div>","protected":false},"excerpt":{"rendered":"<p>Gima Clinic Cam\u00ed de Riudoms, 44 43202 Reus, Tarragona Espa\u00f1a Tel\u00e8fon (+34) 610 147 245 Correu Electr\u00f2nic info@gimaclinic.com Xarxes Socials No dubtis a fer-nos part\u00edcips de les teves consultes. Pots contactar amb nosaltres via tel\u00e8fon, enviant-nos un correu electr\u00f2nic o si ho prefereixes pots emplenar el seg\u00fcent formulari de contacte. Els nostres professionals estaran encantats [&hellip;]<\/p>\n","protected":false},"author":1,"featured_media":0,"parent":0,"menu_order":0,"comment_status":"closed","ping_status":"closed","template":"","meta":{"footnotes":""},"class_list":["post-8555","page","type-page","status-publish","hentry"],"aioseo_notices":[],"jetpack_sharing_enabled":true,"_links":{"self":[{"href":"https:\/\/gimaclinic.com\/ca\/wp-json\/wp\/v2\/pages\/8555","targetHints":{"allow":["GET"]}}],"collection":[{"href":"https:\/\/gimaclinic.com\/ca\/wp-json\/wp\/v2\/pages"}],"about":[{"href":"https:\/\/gimaclinic.com\/ca\/wp-json\/wp\/v2\/types\/page"}],"author":[{"embeddable":true,"href":"https:\/\/gimaclinic.com\/ca\/wp-json\/wp\/v2\/users\/1"}],"replies":[{"embeddable":true,"href":"https:\/\/gimaclinic.com\/ca\/wp-json\/wp\/v2\/comments?post=8555"}],"version-history":[{"count":6,"href":"https:\/\/gimaclinic.com\/ca\/wp-json\/wp\/v2\/pages\/8555\/revisions"}],"predecessor-version":[{"id":10374,"href":"https:\/\/gimaclinic.com\/ca\/wp-json\/wp\/v2\/pages\/8555\/revisions\/10374"}],"wp:attachment":[{"href":"https:\/\/gimaclinic.com\/ca\/wp-json\/wp\/v2\/media?parent=8555"}],"curies":[{"name":"wp","href":"https:\/\/api.w.org\/{rel}","templated":true}]}}