{"id":10842,"date":"2025-10-24T10:30:12","date_gmt":"2025-10-24T08:30:12","guid":{"rendered":"https:\/\/gimaclinic.com\/serveis\/sol-pelvia-2\/"},"modified":"2025-10-24T10:30:13","modified_gmt":"2025-10-24T08:30:13","slug":"sol-pelvia-2","status":"publish","type":"page","link":"https:\/\/gimaclinic.com\/ca\/serveis\/sol-pelvia-2\/","title":{"rendered":"S\u00f2l pelvi\u00e0"},"content":{"rendered":"\n<div class=\"wp-block-group\"><div class=\"wp-block-group__inner-container is-layout-constrained wp-block-group-is-layout-constrained\"><div id=\"pl-gb10842-6a0330e6e3a0f\"  class=\"panel-layout\" ><div id=\"pg-gb10842-6a0330e6e3a0f-0\"  class=\"panel-grid panel-no-style\" ><div id=\"pgc-gb10842-6a0330e6e3a0f-0-0\"  class=\"panel-grid-cell panel-grid-cell-empty panel-grid-cell-mobile-last\" ><\/div><div id=\"pgc-gb10842-6a0330e6e3a0f-0-1\"  class=\"panel-grid-cell panel-grid-cell-empty\" ><\/div><\/div><div id=\"pg-gb10842-6a0330e6e3a0f-1\"  class=\"panel-grid panel-no-style\" ><div id=\"pgc-gb10842-6a0330e6e3a0f-1-0\"  class=\"panel-grid-cell\" ><div id=\"panel-gb10842-6a0330e6e3a0f-1-0-0\" class=\"so-panel widget widget_sow-editor panel-first-child panel-last-child\" data-index=\"0\" ><div\n\t\t\t\n\t\t\tclass=\"so-widget-sow-editor so-widget-sow-editor-base\"\n\t\t\t\n\t\t><h3 class=\"widget-title\">S\u00f2l pelvi\u00e0<\/h3>\n<div class=\"siteorigin-widget-tinymce textwidget\">\n\t<\/div>\n<\/div><\/div><\/div><\/div><div id=\"pg-gb10842-6a0330e6e3a0f-2\"  class=\"panel-grid panel-has-style\" ><div class=\"panel-row-style panel-row-style-for-gb10842-6a0330e6e3a0f-2\" ><div id=\"pgc-gb10842-6a0330e6e3a0f-2-0\"  class=\"panel-grid-cell\" ><div id=\"panel-gb10842-6a0330e6e3a0f-2-0-0\" class=\"so-panel widget widget_sow-editor panel-first-child panel-last-child\" data-index=\"1\" ><div\n\t\t\t\n\t\t\tclass=\"so-widget-sow-editor so-widget-sow-editor-base\"\n\t\t\t\n\t\t>\n<div class=\"siteorigin-widget-tinymce textwidget\">\n\t<p style=\"text-align: left;\"><span style=\"font-weight: 400;\">El meu nom \u00e9s Inesa i s\u00f3c <\/span><strong>fisioterapeuta especialitzada en dolor miofascial, s\u00f2l p\u00e8lvic i salut femenina. <\/strong><\/p>\n<p><\/p>\n<p style=\"text-align: left;\"><span style=\"font-weight: 400;\">Acompanyo dones que volen <\/span><b>reconciliar-se amb el seu cos<\/b><span style=\"font-weight: 400;\">, entendre&#8217;l i cuidar-lo en cada etapa de la vida. <\/span><span style=\"font-weight: 400;\">Si sents que alguna cosa ha canviat \u2014p\u00e8rdues, dolor, tensi\u00f3 o incomoditat\u2014 vull que s\u00e0pigues que <\/span><b>hi ha solucions<\/b><span style=\"font-weight: 400;\">. <\/span><\/p>\n<p><\/p>\n<p style=\"text-align: left;\"><span style=\"font-weight: 400;\">La fisioter\u00e0pia pot ajudar-te a <\/span><b>recuperar el control, alleujar el dolor i tornar a sentir-te b\u00e9 amb tu mateixa.<\/b><\/p>\n<\/div>\n<\/div><\/div><\/div><div id=\"pgc-gb10842-6a0330e6e3a0f-2-1\"  class=\"panel-grid-cell\" ><div class=\"panel-cell-style panel-cell-style-for-gb10842-6a0330e6e3a0f-2-1\" ><div id=\"panel-gb10842-6a0330e6e3a0f-2-1-0\" class=\"so-panel widget widget_sow-editor panel-first-child panel-last-child\" data-index=\"2\" ><div\n\t\t\t\n\t\t\tclass=\"so-widget-sow-editor so-widget-sow-editor-base\"\n\t\t\t\n\t\t>\n<div class=\"siteorigin-widget-tinymce textwidget\">\n\t<p><img data-dominant-color=\"a99d97\" data-has-transparency=\"false\" style=\"--dominant-color: #a99d97;\" decoding=\"async\" class=\"aligncenter wp-image-10792 not-transparent\" src=\"https:\/\/gimaclinic.com\/wp-content\/uploads\/2025\/10\/Inesa_suelo_pelvico_gimaclinic-e1761044535889-300x300.avif\" width=\"270\" height=\"271\" srcset=\"https:\/\/gimaclinic.com\/wp-content\/uploads\/2025\/10\/Inesa_suelo_pelvico_gimaclinic-e1761044535889-300x300.avif 300w, https:\/\/gimaclinic.com\/wp-content\/uploads\/2025\/10\/Inesa_suelo_pelvico_gimaclinic-e1761044535889-150x150.avif 150w, https:\/\/gimaclinic.com\/wp-content\/uploads\/2025\/10\/Inesa_suelo_pelvico_gimaclinic-e1761044535889-375x375.avif 375w, https:\/\/gimaclinic.com\/wp-content\/uploads\/2025\/10\/Inesa_suelo_pelvico_gimaclinic-e1761044535889.avif 550w\" sizes=\"(max-width: 270px) 100vw, 270px\" \/><\/p>\n<\/div>\n<\/div><\/div><\/div><\/div><\/div><\/div><div id=\"pg-gb10842-6a0330e6e3a0f-3\"  class=\"panel-grid panel-no-style\" ><div id=\"pgc-gb10842-6a0330e6e3a0f-3-0\"  class=\"panel-grid-cell panel-grid-cell-empty\" ><\/div><\/div><div id=\"pg-gb10842-6a0330e6e3a0f-4\"  class=\"panel-grid panel-no-style\" ><div id=\"pgc-gb10842-6a0330e6e3a0f-4-0\"  class=\"panel-grid-cell\" ><div id=\"panel-gb10842-6a0330e6e3a0f-4-0-0\" class=\"so-panel widget widget_sow-editor panel-first-child\" data-index=\"3\" ><div\n\t\t\t\n\t\t\tclass=\"so-widget-sow-editor so-widget-sow-editor-base\"\n\t\t\t\n\t\t><h3 class=\"widget-title\">Embar\u00e0s i postpart<\/h3>\n<div class=\"siteorigin-widget-tinymce textwidget\">\n\t<p><span style=\"font-weight: 400;\">Durant l&#8217;embar\u00e0s i despr\u00e9s del part, el cos travessa molts canvis. Amb la fisioter\u00e0pia <\/span><b>preparar el teu s\u00f2l p\u00e8lvic per al part<\/b><span style=\"font-weight: 400;\">, alleujar mol\u00e8sties (lumb\u00e0lgia, ci\u00e0tica, pressi\u00f3 p\u00e8lvica) i <\/span><b>afavorir una bona recuperaci\u00f3 post-part 400;&#8221;>, cuidant el teu abdomen, cicatrius i musculatura.<\/span><\/p>\n<\/div>\n<\/div><\/div><div id=\"panel-gb10842-6a0330e6e3a0f-4-0-1\" class=\"so-panel widget widget_sow-editor\" data-index=\"4\" ><div\n\t\t\t\n\t\t\tclass=\"so-widget-sow-editor so-widget-sow-editor-base\"\n\t\t\t\n\t\t><h3 class=\"widget-title\">Incontin\u00e8ncia urin\u00e0ria i fecal<\/h3>\n<div class=\"siteorigin-widget-tinymce textwidget\">\n\t<p><span style=\"font-weight: 400;\">Sents p\u00e8rdues en tossir, riure o fer esport? Tens ganes urgents d&#8217;orinar o de dificultat per retenir? <\/span><span style=\"font-weight: 400;\">Mitjan\u00e7ant un tractament personalitzat podem <\/span><b>enfortir el terra p\u00e8lvic<\/b><span style=\"font-weight: 400;\">, millorar el control vesical i <\/span><b>recuperar la seguretat en 400;&#8221;>.<\/span><\/p>\n<\/div>\n<\/div><\/div><div id=\"panel-gb10842-6a0330e6e3a0f-4-0-2\" class=\"so-panel widget widget_sow-editor\" data-index=\"5\" ><div\n\t\t\t\n\t\t\tclass=\"so-widget-sow-editor so-widget-sow-editor-base\"\n\t\t\t\n\t\t><h3 class=\"widget-title\">Prolapse i sensaci\u00f3 de pes p\u00e8lvic<\/h3>\n<div class=\"siteorigin-widget-tinymce textwidget\">\n\t<p><span style=\"font-weight: 400;\">Si notes una <\/span><b>pressi\u00f3 o embalum vaginal<\/b><span style=\"font-weight: 400;\">, o sensaci\u00f3 de \u201cpes\u201d a la pelvis, pot ser un prolapse. La fisioter\u00e0pia t&#8217;ajuda a <\/span><b>reeducar la postura, enfortir els teixits i alleujar la sensaci\u00f3 de pesadesa<\/b><span style=\"font-weight: 400;\">, millorant la teva qualitat de vida.<\/span><\/p>\n<\/div>\n<\/div><\/div><div id=\"panel-gb10842-6a0330e6e3a0f-4-0-3\" class=\"so-panel widget widget_sow-editor\" data-index=\"6\" ><div\n\t\t\t\n\t\t\tclass=\"so-widget-sow-editor so-widget-sow-editor-base\"\n\t\t\t\n\t\t><h3 class=\"widget-title\">Dolor p\u00e8lvic cr\u00f2nic<\/h3>\n<div class=\"siteorigin-widget-tinymce textwidget\">\n\t<p><span style=\"font-weight: 400;\">El dolor p\u00e8lvic no ha de ser la teva normalitat. Amb un abordatge integral, <\/span><b>treballem la musculatura profunda, la respiraci\u00f3 i la postura<\/b><span style=\"font-weight: 400;\"> per reduir la tensi\u00f3 i millorar la mobilitat i el confort en el teu dia a dia.<\/span><\/p>\n<\/div>\n<\/div><\/div><div id=\"panel-gb10842-6a0330e6e3a0f-4-0-4\" class=\"so-panel widget widget_sow-editor panel-last-child\" data-index=\"7\" ><div\n\t\t\t\n\t\t\tclass=\"so-widget-sow-editor so-widget-sow-editor-base\"\n\t\t\t\n\t\t><h3 class=\"widget-title\">La Menopausa<\/h3>\n<div class=\"siteorigin-widget-tinymce textwidget\">\n\t<p><span style=\"font-weight: 400;\">Durant la menopausa, el s\u00f2l p\u00e8lvic i els teixits vaginals poden tornar-se m\u00e9s sensibles o febles. El tractament fisioterap\u00e8utic ajuda a <\/span><b>millorar la tonicitat, la lubricaci\u00f3 i el control urinari<\/b><span style=\"font-weight: 400;\">, afavorint el benestar \u00edntim i general.<\/span><\/p>\n<\/div>\n<\/div><\/div><\/div><\/div><div id=\"pg-gb10842-6a0330e6e3a0f-5\"  class=\"panel-grid panel-no-style\" ><div id=\"pgc-gb10842-6a0330e6e3a0f-5-0\"  class=\"panel-grid-cell\" ><div id=\"panel-gb10842-6a0330e6e3a0f-5-0-0\" class=\"so-panel widget widget_sow-editor panel-first-child panel-last-child\" data-index=\"8\" ><div class=\"so-rounded panel-widget-style panel-widget-style-for-gb10842-6a0330e6e3a0f-5-0-0\" ><div\n\t\t\t\n\t\t\tclass=\"so-widget-sow-editor so-widget-sow-editor-base\"\n\t\t\t\n\t\t>\n<div class=\"siteorigin-widget-tinymce textwidget\">\n\t<p><strong>Primera visita s\u00f2l pelvi\u00e0: 60\u20ac<\/strong><\/p>\n<\/div>\n<\/div><\/div><\/div><\/div><div id=\"pgc-gb10842-6a0330e6e3a0f-5-1\"  class=\"panel-grid-cell\" ><div id=\"panel-gb10842-6a0330e6e3a0f-5-1-0\" class=\"so-panel widget widget_sow-editor panel-first-child panel-last-child\" data-index=\"9\" ><div class=\"so-rounded panel-widget-style panel-widget-style-for-gb10842-6a0330e6e3a0f-5-1-0\" ><div\n\t\t\t\n\t\t\tclass=\"so-widget-sow-editor so-widget-sow-editor-base\"\n\t\t\t\n\t\t>\n<div class=\"siteorigin-widget-tinymce textwidget\">\n\t<p><strong>Sessions de seguiment: 50\u20ac<\/strong><\/p>\n<\/div>\n<\/div><\/div><\/div><\/div><\/div><div id=\"pg-gb10842-6a0330e6e3a0f-6\"  class=\"panel-grid panel-no-style\" ><div id=\"pgc-gb10842-6a0330e6e3a0f-6-0\"  class=\"panel-grid-cell\" ><div id=\"panel-gb10842-6a0330e6e3a0f-6-0-0\" class=\"so-panel widget widget_sow-editor panel-first-child panel-last-child\" data-index=\"10\" ><div class=\"so-rounded panel-widget-style panel-widget-style-for-gb10842-6a0330e6e3a0f-6-0-0\" ><div\n\t\t\t\n\t\t\tclass=\"so-widget-sow-editor so-widget-sow-editor-base\"\n\t\t\t\n\t\t>\n<div class=\"siteorigin-widget-tinymce textwidget\">\n\t<p>*Col\u00b7laborem amb clubs i entitats esportives. A m\u00e9s, oferim bons de fisioter\u00e0pia amb fins a un 15% de descompte. <strong>Pregunta&#8217;ns!<\/strong><\/p>\n<\/div>\n<\/div><\/div><\/div><\/div><\/div><\/div><\/div><\/div>\n\n<p><\/p>\n","protected":false},"excerpt":{"rendered":"","protected":false},"author":1,"featured_media":0,"parent":8610,"menu_order":5,"comment_status":"closed","ping_status":"closed","template":"","meta":{"footnotes":""},"class_list":["post-10842","page","type-page","status-publish","hentry"],"aioseo_notices":[],"jetpack_sharing_enabled":true,"_links":{"self":[{"href":"https:\/\/gimaclinic.com\/ca\/wp-json\/wp\/v2\/pages\/10842","targetHints":{"allow":["GET"]}}],"collection":[{"href":"https:\/\/gimaclinic.com\/ca\/wp-json\/wp\/v2\/pages"}],"about":[{"href":"https:\/\/gimaclinic.com\/ca\/wp-json\/wp\/v2\/types\/page"}],"author":[{"embeddable":true,"href":"https:\/\/gimaclinic.com\/ca\/wp-json\/wp\/v2\/users\/1"}],"replies":[{"embeddable":true,"href":"https:\/\/gimaclinic.com\/ca\/wp-json\/wp\/v2\/comments?post=10842"}],"version-history":[{"count":1,"href":"https:\/\/gimaclinic.com\/ca\/wp-json\/wp\/v2\/pages\/10842\/revisions"}],"predecessor-version":[{"id":10843,"href":"https:\/\/gimaclinic.com\/ca\/wp-json\/wp\/v2\/pages\/10842\/revisions\/10843"}],"up":[{"embeddable":true,"href":"https:\/\/gimaclinic.com\/ca\/wp-json\/wp\/v2\/pages\/8610"}],"wp:attachment":[{"href":"https:\/\/gimaclinic.com\/ca\/wp-json\/wp\/v2\/media?parent=10842"}],"curies":[{"name":"wp","href":"https:\/\/api.w.org\/{rel}","templated":true}]}}