{"id":10815,"date":"2025-10-21T13:17:53","date_gmt":"2025-10-21T11:17:53","guid":{"rendered":"https:\/\/gimaclinic.com\/?page_id=10815"},"modified":"2025-10-23T16:22:34","modified_gmt":"2025-10-23T14:22:34","slug":"sol-pelvia","status":"publish","type":"page","link":"https:\/\/gimaclinic.com\/ca\/serveis\/sol-pelvia\/","title":{"rendered":"Sol pelvi\u00e0"},"content":{"rendered":"<div id=\"pl-gb10815-69e0ba1782b19\"  class=\"panel-layout\" ><div id=\"pg-gb10815-69e0ba1782b19-0\"  class=\"panel-grid panel-no-style\" ><div id=\"pgc-gb10815-69e0ba1782b19-0-0\"  class=\"panel-grid-cell\" ><div id=\"panel-gb10815-69e0ba1782b19-0-0-0\" class=\"so-panel widget widget_sow-editor panel-first-child panel-last-child\" data-index=\"0\" ><div\n\t\t\t\n\t\t\tclass=\"so-widget-sow-editor so-widget-sow-editor-base\"\n\t\t\t\n\t\t><h3 class=\"widget-title\">S\u00f2l pelvi\u00e0<\/h3>\n<div class=\"siteorigin-widget-tinymce textwidget\">\n\t<\/div>\n<\/div><\/div><\/div><\/div><div id=\"pg-gb10815-69e0ba1782b19-1\"  class=\"panel-grid panel-has-style\" ><div class=\"panel-row-style panel-row-style-for-gb10815-69e0ba1782b19-1\" ><div id=\"pgc-gb10815-69e0ba1782b19-1-0\"  class=\"panel-grid-cell\" ><div id=\"panel-gb10815-69e0ba1782b19-1-0-0\" class=\"so-panel widget widget_sow-editor panel-first-child panel-last-child\" data-index=\"1\" ><div\n\t\t\t\n\t\t\tclass=\"so-widget-sow-editor so-widget-sow-editor-base\"\n\t\t\t\n\t\t>\n<div class=\"siteorigin-widget-tinymce textwidget\">\n\t<p>Hola, em dic Inesa i s\u00f3c fisioterapeuta especialitzada en dolor miofascial, s\u00f2l pelvi\u00e0 i salut femenina.<\/p>\n<p>Acompanyo dones que volen reconciliar-se amb el seu cos, entendre&#8217;l i cuidar-lo a cada etapa de la vida. Si sents que alguna cosa ha canviat \u2014p\u00e8rdues, dolor, tensi\u00f3 o incomoditat\u2014 vull que s\u00e0pigues que hi ha solucions.<\/p>\n<p>La fisioter\u00e0pia pot ajudar-te a recuperar el control, alleujar el dolor i tornar-te a sentir b\u00e9 amb tu mateixa.<\/p>\n<\/div>\n<\/div><\/div><\/div><div id=\"pgc-gb10815-69e0ba1782b19-1-1\"  class=\"panel-grid-cell\" ><div class=\"panel-cell-style panel-cell-style-for-gb10815-69e0ba1782b19-1-1\" ><div id=\"panel-gb10815-69e0ba1782b19-1-1-0\" class=\"so-panel widget widget_sow-editor panel-first-child panel-last-child\" data-index=\"2\" ><div\n\t\t\t\n\t\t\tclass=\"so-widget-sow-editor so-widget-sow-editor-base\"\n\t\t\t\n\t\t>\n<div class=\"siteorigin-widget-tinymce textwidget\">\n\t<p><img decoding=\"async\" class=\"aligncenter wp-image-10793\" src=\"https:\/\/gimaclinic.com\/wp-content\/uploads\/2025\/10\/Inesa_suelo_pelvico_gimaclinic-e1761045607980-300x300.avif\" alt=\"Inesa Suelo p\u00e9lvico\" width=\"270\" height=\"271\" srcset=\"https:\/\/gimaclinic.com\/wp-content\/uploads\/2025\/10\/Inesa_suelo_pelvico_gimaclinic-e1761045607980-300x300.avif 300w, https:\/\/gimaclinic.com\/wp-content\/uploads\/2025\/10\/Inesa_suelo_pelvico_gimaclinic-e1761045607980-150x150.avif 150w, https:\/\/gimaclinic.com\/wp-content\/uploads\/2025\/10\/Inesa_suelo_pelvico_gimaclinic-e1761045607980-375x375.avif 375w, https:\/\/gimaclinic.com\/wp-content\/uploads\/2025\/10\/Inesa_suelo_pelvico_gimaclinic-e1761045607980.avif 550w\" sizes=\"(max-width: 270px) 100vw, 270px\" \/><\/p>\n<p>&nbsp;<\/p>\n<\/div>\n<\/div><\/div><\/div><\/div><\/div><\/div><div id=\"pg-gb10815-69e0ba1782b19-2\"  class=\"panel-grid panel-no-style\" ><div id=\"pgc-gb10815-69e0ba1782b19-2-0\"  class=\"panel-grid-cell panel-grid-cell-empty\" ><\/div><\/div><div id=\"pg-gb10815-69e0ba1782b19-3\"  class=\"panel-grid panel-no-style\" ><div id=\"pgc-gb10815-69e0ba1782b19-3-0\"  class=\"panel-grid-cell\" ><div id=\"panel-gb10815-69e0ba1782b19-3-0-0\" class=\"so-panel widget widget_sow-editor panel-first-child\" data-index=\"3\" ><div\n\t\t\t\n\t\t\tclass=\"so-widget-sow-editor so-widget-sow-editor-base\"\n\t\t\t\n\t\t><h3 class=\"widget-title\">Embar\u00e0s i postpart<\/h3>\n<div class=\"siteorigin-widget-tinymce textwidget\">\n\t<p>Durant l&#8217;embar\u00e0s i despr\u00e9s del part, el cos travessa molts canvis. Amb la fisioter\u00e0pia pots preparar el teu s\u00f2l p\u00e8lvic per al part, alleujar mol\u00e8sties (lumb\u00e0lgia, ci\u00e0tica, pressi\u00f3 p\u00e8lvica) i afavorir una bona recuperaci\u00f3 postpart, cuidant el teu abdomen, cicatrius i musculatura.<\/p>\n<\/div>\n<\/div><\/div><div id=\"panel-gb10815-69e0ba1782b19-3-0-1\" class=\"so-panel widget widget_sow-editor\" data-index=\"4\" ><div\n\t\t\t\n\t\t\tclass=\"so-widget-sow-editor so-widget-sow-editor-base\"\n\t\t\t\n\t\t><h3 class=\"widget-title\">Incontin\u00e8ncia urin\u00e0ria i fecal<\/h3>\n<div class=\"siteorigin-widget-tinymce textwidget\">\n\t<p>Sents p\u00e8rdues en tossir, riure o fer esport? Tens ganes urgents d&#8217;orinar o de dificultat per retenir?<br \/>\nMitjan\u00e7ant un tractament personalitzat podem enfortir el s\u00f2l pelvi\u00e0, millorar el control vesical i recuperar la seguretat en el teu dia a dia.<\/p>\n<\/div>\n<\/div><\/div><div id=\"panel-gb10815-69e0ba1782b19-3-0-2\" class=\"so-panel widget widget_sow-editor\" data-index=\"5\" ><div\n\t\t\t\n\t\t\tclass=\"so-widget-sow-editor so-widget-sow-editor-base\"\n\t\t\t\n\t\t><h3 class=\"widget-title\">Prolapse i sensaci\u00f3 de pes p\u00e8lvic<\/h3>\n<div class=\"siteorigin-widget-tinymce textwidget\">\n\t<p>Si notes una pressi\u00f3 o embalum vaginal, o sensaci\u00f3 de \u201cpes\u201d a la pelvis, pot ser un prolapse. La fisioter\u00e0pia t&#8217;ajuda a reeducar la postura, enfortir els teixits i alleujar la sensaci\u00f3 de pesadesa, millorant la teva qualitat de vida.<\/p>\n<\/div>\n<\/div><\/div><div id=\"panel-gb10815-69e0ba1782b19-3-0-3\" class=\"so-panel widget widget_sow-editor\" data-index=\"6\" ><div\n\t\t\t\n\t\t\tclass=\"so-widget-sow-editor so-widget-sow-editor-base\"\n\t\t\t\n\t\t><h3 class=\"widget-title\">Dolor p\u00e8lvic cr\u00f2nic<\/h3>\n<div class=\"siteorigin-widget-tinymce textwidget\">\n\t<p>El dolor p\u00e8lvic no ha de ser la teva normalitat. Amb un abordatge integral, treballem la musculatura profunda, la respiraci\u00f3 i la postura per reduir la tensi\u00f3 i millorar la mobilitat i el confort al teu dia a dia.<\/p>\n<\/div>\n<\/div><\/div><div id=\"panel-gb10815-69e0ba1782b19-3-0-4\" class=\"so-panel widget widget_sow-editor\" data-index=\"7\" ><div\n\t\t\t\n\t\t\tclass=\"so-widget-sow-editor so-widget-sow-editor-base\"\n\t\t\t\n\t\t><h3 class=\"widget-title\">Disfuncions sexuals<\/h3>\n<div class=\"siteorigin-widget-tinymce textwidget\">\n\t<p>Si sents dolor en les relacions, manca de sensibilitat o tensi\u00f3 p\u00e8lvica, la fisioter\u00e0pia pot ajudar-te a recuperar el plaer i la confian\u00e7a en el teu cos mitjan\u00e7ant t\u00e8cniques manuals, relaxaci\u00f3 i reeducaci\u00f3 muscular.<\/p>\n<\/div>\n<\/div><\/div><div id=\"panel-gb10815-69e0ba1782b19-3-0-5\" class=\"so-panel widget widget_sow-editor panel-last-child\" data-index=\"8\" ><div\n\t\t\t\n\t\t\tclass=\"so-widget-sow-editor so-widget-sow-editor-base\"\n\t\t\t\n\t\t><h3 class=\"widget-title\">La Menopausa<\/h3>\n<div class=\"siteorigin-widget-tinymce textwidget\">\n\t<p>Durant la menopausa, el s\u00f2l pelvi\u00e0 i els teixits vaginals poden tornar-se m\u00e9s sensibles o febles. El tractament fisioterap\u00e8utic ajuda a millorar la tonicitat, la lubricaci\u00f3 i el control urinari, afavorint el benestar \u00edntim i general.<\/p>\n<\/div>\n<\/div><\/div><\/div><\/div><div id=\"pg-gb10815-69e0ba1782b19-4\"  class=\"panel-grid panel-no-style\" ><div id=\"pgc-gb10815-69e0ba1782b19-4-0\"  class=\"panel-grid-cell\" ><div id=\"panel-gb10815-69e0ba1782b19-4-0-0\" class=\"so-panel widget widget_sow-editor panel-first-child panel-last-child\" data-index=\"9\" ><div class=\"so-rounded panel-widget-style panel-widget-style-for-gb10815-69e0ba1782b19-4-0-0\" ><div\n\t\t\t\n\t\t\tclass=\"so-widget-sow-editor so-widget-sow-editor-base\"\n\t\t\t\n\t\t>\n<div class=\"siteorigin-widget-tinymce textwidget\">\n\t<p><strong>Primera sessi\u00f3 s\u00f2l pelvi\u00e0: 60\u20ac*<\/strong><\/p>\n<\/div>\n<\/div><\/div><\/div><\/div><div id=\"pgc-gb10815-69e0ba1782b19-4-1\"  class=\"panel-grid-cell\" ><div id=\"panel-gb10815-69e0ba1782b19-4-1-0\" class=\"so-panel widget widget_sow-editor panel-first-child panel-last-child\" data-index=\"10\" ><div class=\"so-rounded panel-widget-style panel-widget-style-for-gb10815-69e0ba1782b19-4-1-0\" ><div\n\t\t\t\n\t\t\tclass=\"so-widget-sow-editor so-widget-sow-editor-base\"\n\t\t\t\n\t\t>\n<div class=\"siteorigin-widget-tinymce textwidget\">\n\t<p><strong>Sessions de seguiment: 50\u20ac<\/strong><\/p>\n<\/div>\n<\/div><\/div><\/div><\/div><\/div><div id=\"pg-gb10815-69e0ba1782b19-5\"  class=\"panel-grid panel-no-style\" ><div id=\"pgc-gb10815-69e0ba1782b19-5-0\"  class=\"panel-grid-cell\" ><div id=\"panel-gb10815-69e0ba1782b19-5-0-0\" class=\"so-panel widget widget_sow-editor panel-first-child panel-last-child\" data-index=\"11\" ><div class=\"so-rounded panel-widget-style panel-widget-style-for-gb10815-69e0ba1782b19-5-0-0\" ><div\n\t\t\t\n\t\t\tclass=\"so-widget-sow-editor so-widget-sow-editor-base\"\n\t\t\t\n\t\t>\n<div class=\"siteorigin-widget-tinymce textwidget\">\n\t<p>*Col\u00b7laborem amb clubs i entitats esportives. A m\u00e9s, oferim bons de fisioter\u00e0pia de fins a un 15% de descompte. <strong>Pregunta&#8217;ns!<\/strong><\/p>\n<\/div>\n<\/div><\/div><\/div><\/div><\/div><\/div>","protected":false},"excerpt":{"rendered":"<p>Hola, em dic Inesa i s\u00f3c fisioterapeuta especialitzada en dolor miofascial, s\u00f2l pelvi\u00e0 i salut femenina. Acompanyo dones que volen reconciliar-se amb el seu cos, entendre&#8217;l i cuidar-lo a cada etapa de la vida. Si sents que alguna cosa ha canviat \u2014p\u00e8rdues, dolor, tensi\u00f3 o incomoditat\u2014 vull que s\u00e0pigues que hi ha solucions. La fisioter\u00e0pia [&hellip;]<\/p>\n","protected":false},"author":4,"featured_media":0,"parent":8610,"menu_order":6,"comment_status":"closed","ping_status":"closed","template":"","meta":{"footnotes":""},"class_list":["post-10815","page","type-page","status-publish","hentry"],"aioseo_notices":[],"jetpack_sharing_enabled":true,"_links":{"self":[{"href":"https:\/\/gimaclinic.com\/ca\/wp-json\/wp\/v2\/pages\/10815","targetHints":{"allow":["GET"]}}],"collection":[{"href":"https:\/\/gimaclinic.com\/ca\/wp-json\/wp\/v2\/pages"}],"about":[{"href":"https:\/\/gimaclinic.com\/ca\/wp-json\/wp\/v2\/types\/page"}],"author":[{"embeddable":true,"href":"https:\/\/gimaclinic.com\/ca\/wp-json\/wp\/v2\/users\/4"}],"replies":[{"embeddable":true,"href":"https:\/\/gimaclinic.com\/ca\/wp-json\/wp\/v2\/comments?post=10815"}],"version-history":[{"count":7,"href":"https:\/\/gimaclinic.com\/ca\/wp-json\/wp\/v2\/pages\/10815\/revisions"}],"predecessor-version":[{"id":10825,"href":"https:\/\/gimaclinic.com\/ca\/wp-json\/wp\/v2\/pages\/10815\/revisions\/10825"}],"up":[{"embeddable":true,"href":"https:\/\/gimaclinic.com\/ca\/wp-json\/wp\/v2\/pages\/8610"}],"wp:attachment":[{"href":"https:\/\/gimaclinic.com\/ca\/wp-json\/wp\/v2\/media?parent=10815"}],"curies":[{"name":"wp","href":"https:\/\/api.w.org\/{rel}","templated":true}]}}