{"id":10608,"date":"2025-03-04T13:58:54","date_gmt":"2025-03-04T11:58:54","guid":{"rendered":"https:\/\/gimaclinic.com\/serveis\/entrenamiento-personal-en-reus\/"},"modified":"2025-03-06T14:06:29","modified_gmt":"2025-03-06T12:06:29","slug":"entrenamiento-personal-en-reus","status":"publish","type":"page","link":"https:\/\/gimaclinic.com\/ca\/serveis\/entrenamiento-personal-en-reus\/","title":{"rendered":"Entrenamiento personal en Reus"},"content":{"rendered":"<div id=\"pl-10608\"  class=\"panel-layout\" ><div id=\"pg-10608-0\"  class=\"panel-grid panel-no-style\" ><div id=\"pgc-10608-0-0\"  class=\"panel-grid-cell\" ><div id=\"panel-10608-0-0-0\" class=\"so-panel widget widget_sow-editor panel-first-child panel-last-child\" data-index=\"0\" ><div\n\t\t\t\n\t\t\tclass=\"so-widget-sow-editor so-widget-sow-editor-base\"\n\t\t\t\n\t\t>\n<div class=\"siteorigin-widget-tinymce textwidget\">\n\t<p style=\"text-align: center;\">Si est\u00e1s buscando <strong>un cambio real en tu cuerpo y salud<\/strong>, un entrenamiento personal en Reus con expertos es la clave para <strong>alcanzar tus objetivos en menos tiempo y de forma segura<\/strong>.<\/p>\n<p style=\"text-align: center;\">En <strong>Gima Clinic<\/strong>, te ofrecemos <strong>planes personalizados<\/strong> dise\u00f1ados para maximizar tu rendimiento, evitar lesiones y garantizar que cada sesi\u00f3n sea una inversi\u00f3n efectiva en tu bienestar.<\/p>\n<p style=\"text-align: center;\">Tanto si quieres <strong>perder peso, ganar m\u00fasculo, mejorar tu movilidad o recuperarte de una lesi\u00f3n<\/strong>, nuestros entrenadores personales en <strong>Reus<\/strong> te guiar\u00e1n en cada paso del proceso.<\/p>\n<p style=\"text-align: center;\"><strong>Reserva tu primera sesi\u00f3n hoy y empieza a ver resultados.<\/strong><\/p>\n<\/div>\n<\/div><\/div><\/div><\/div><div id=\"pg-10608-1\"  class=\"panel-grid panel-has-style\" ><div class=\"siteorigin-panels-stretch panel-row-style panel-row-style-for-10608-1\" id=\"form\" data-stretch-type=\"full\" ><div id=\"pgc-10608-1-0\"  class=\"panel-grid-cell\" ><div id=\"panel-10608-1-0-0\" class=\"so-panel widget widget_sow-editor panel-first-child panel-last-child\" data-index=\"1\" ><div class=\"smaller-widget-title panel-widget-style panel-widget-style-for-10608-1-0-0\" ><div\n\t\t\t\n\t\t\tclass=\"so-widget-sow-editor so-widget-sow-editor-base\"\n\t\t\t\n\t\t><h3 class=\"widget-title\">Beneficios del Entrenamiento Personal en Reus con Gima Clinic<\/h3>\n<div class=\"siteorigin-widget-tinymce textwidget\">\n\t<p>Elegir un <strong>entrenador personal en Reus<\/strong> no solo significa contar con alguien que te ayude a hacer ejercicio, sino que tambi\u00e9n implica un enfoque <strong>personalizado, seguro y eficiente<\/strong> para mejorar tu condici\u00f3n f\u00edsica, salud y bienestar general. Muchas personas inician rutinas de entrenamiento por su cuenta y, con el tiempo, se desmotivan o no logran los resultados esperados debido a <strong>falta de planificaci\u00f3n, errores en la t\u00e9cnica o entrenamientos poco efectivos<\/strong>.<\/p>\n<p>Aqu\u00ed te explicamos en detalle por qu\u00e9 un entrenamiento guiado por profesionales marca la diferencia y te ayuda a alcanzar tus metas de manera m\u00e1s r\u00e1pida y segura.<\/p>\n<\/div>\n<\/div><\/div><\/div><\/div><div id=\"pgc-10608-1-1\"  class=\"panel-grid-cell\" ><div id=\"panel-10608-1-1-0\" class=\"so-panel widget widget_sow-editor panel-first-child panel-last-child\" data-index=\"2\" ><div class=\"bigger-widget-title panel-widget-style panel-widget-style-for-10608-1-1-0\" ><div\n\t\t\t\n\t\t\tclass=\"so-widget-sow-editor so-widget-sow-editor-base\"\n\t\t\t\n\t\t>\n<div class=\"siteorigin-widget-tinymce textwidget\">\n\t<p class=\"wpcf7-contact-form-not-found\"><strong>Error:<\/strong> No s&#039;ha trobat el formulari de contacte.<\/p>\n<\/div>\n<\/div><\/div><\/div><\/div><\/div><\/div><div id=\"pg-10608-2\"  class=\"panel-grid panel-no-style\" ><div id=\"pgc-10608-2-0\"  class=\"panel-grid-cell\" ><div id=\"panel-10608-2-0-0\" class=\"so-panel widget widget_media_image panel-first-child panel-last-child\" data-index=\"3\" ><img decoding=\"async\" width=\"1920\" height=\"1080\" src=\"https:\/\/gimaclinic.com\/wp-content\/uploads\/2025\/03\/entrenamiento-personal-en-reus-gima-clinic-2.avif\" class=\"image wp-image-10594  attachment-full size-full not-transparent\" alt=\"Entrenamiento personal en Reus - Gima Clinic\" style=\"--dominant-color: #40505f;max-width: 100%; height: auto;\" title=\"Entrenamiento personal en Reus - Gima Clinic\" srcset=\"https:\/\/gimaclinic.com\/wp-content\/uploads\/2025\/03\/entrenamiento-personal-en-reus-gima-clinic-2.avif 1920w, https:\/\/gimaclinic.com\/wp-content\/uploads\/2025\/03\/entrenamiento-personal-en-reus-gima-clinic-2-300x169.avif 300w, https:\/\/gimaclinic.com\/wp-content\/uploads\/2025\/03\/entrenamiento-personal-en-reus-gima-clinic-2-1024x576.avif 1024w, https:\/\/gimaclinic.com\/wp-content\/uploads\/2025\/03\/entrenamiento-personal-en-reus-gima-clinic-2-768x432.avif 768w, https:\/\/gimaclinic.com\/wp-content\/uploads\/2025\/03\/entrenamiento-personal-en-reus-gima-clinic-2-1536x864.avif 1536w\" sizes=\"(max-width: 1920px) 100vw, 1920px\" data-has-transparency=\"false\" data-dominant-color=\"40505f\" \/><\/div><\/div><\/div><div id=\"pg-10608-3\"  class=\"panel-grid panel-no-style\" ><div id=\"pgc-10608-3-0\"  class=\"panel-grid-cell\" ><div id=\"panel-10608-3-0-0\" class=\"so-panel widget widget_sow-editor panel-first-child panel-last-child\" data-index=\"4\" ><div class=\"smaller-widget-title panel-widget-style panel-widget-style-for-10608-3-0-0\" ><div\n\t\t\t\n\t\t\tclass=\"so-widget-sow-editor so-widget-sow-editor-base\"\n\t\t\t\n\t\t><h3 class=\"widget-title\">\u00bfPor qu\u00e9 elegir un entrenamiento personal en Reus con Gima Clinic?<\/h3>\n<div class=\"siteorigin-widget-tinymce textwidget\">\n\t<h3 style=\"text-align: left;\" data-start=\"779\" data-end=\"818\"><strong data-start=\"786\" data-end=\"816\">Resultados en Menos Tiempo<\/strong><\/h3>\n<p>Si llevas tiempo entrenando por tu cuenta y no ves los resultados que esperas, es hora de cambiar de estrategia.<\/p>\n<p>En Gima Clinic, nuestro entrenamiento personal en Reus est\u00e1 dise\u00f1ado para sacar el m\u00e1ximo provecho de cada sesi\u00f3n, optimizando tu tiempo y esfuerzo.<\/p>\n<p><strong>Planes personalizados<\/strong> que se adaptan a tu nivel y objetivos.<br \/>\n<strong>Ejercicios efectivos<\/strong> y guiados para garantizar una ejecuci\u00f3n correcta.<br \/>\n<strong>Seguimiento continuo<\/strong> para evitar estancamientos y mejorar progresivamente.<\/p>\n<p>No sigas perdiendo tiempo con entrenamientos ineficientes.<\/p>\n<p><strong>Reserva tu primera sesi\u00f3n de entrenamiento personal en Reus<\/strong> y empieza a ver cambios reales.<\/p>\n<\/div>\n<\/div><\/div><\/div><\/div><\/div><div id=\"pg-10608-4\"  class=\"panel-grid panel-has-style\" ><div class=\"siteorigin-panels-stretch panel-row-style panel-row-style-for-10608-4\" data-stretch-type=\"full\" ><div id=\"pgc-10608-4-0\"  class=\"panel-grid-cell\" ><div id=\"panel-10608-4-0-0\" class=\"so-panel widget widget_qt_icon_box widget-icon-box panel-first-child panel-last-child\" data-index=\"5\" >\t\t\t\t<div class=\"icon-box\">\n\t\t\t\t\t\t\t\t\t\t\t\t<div class=\"icon-box--icon\">\n\t\t\t\t\t\t<i class=\"fa far fa-address-card\"><\/i>\n\t\t\t\t\t<\/div>\n\t\t\t\t\t\t\t\t<div class=\"icon-box--text\">\n\t\t\t\t\t\t\t\t\t\t\t<h6 class=\"icon-box--title\">Planes personalizados<\/h6>\n\t\t\t\t\t\t\t\t\t\t\t\t\t\t\t\t<span class=\"icon-box--description\">Evaluamos tu estado f\u00edsico, objetivos y necesidades para dise\u00f1ar un plan eficiente que maximice resultados<\/span>\n\t\t\t\t\t\t\t\t\t<\/div>\n\t\t\t<\/div>\n\n\t\t\t<\/div><\/div><div id=\"pgc-10608-4-1\"  class=\"panel-grid-cell\" ><div id=\"panel-10608-4-1-0\" class=\"so-panel widget widget_qt_icon_box widget-icon-box panel-first-child panel-last-child\" data-index=\"6\" >\t\t\t\t<div class=\"icon-box\">\n\t\t\t\t\t\t\t\t\t\t\t\t<div class=\"icon-box--icon\">\n\t\t\t\t\t\t<i class=\"fa fas fa-running\"><\/i>\n\t\t\t\t\t<\/div>\n\t\t\t\t\t\t\t\t<div class=\"icon-box--text\">\n\t\t\t\t\t\t\t\t\t\t\t<h6 class=\"icon-box--title\">Ejercicios efectivos y guiados<\/h6>\n\t\t\t\t\t\t\t\t\t\t\t\t\t\t\t\t<span class=\"icon-box--description\">Aprender\u00e1s la t\u00e9cnica correcta, evitar\u00e1s lesiones y potenciar\u00e1s tu fuerza, resistencia y movilidad de manera segura<\/span>\n\t\t\t\t\t\t\t\t\t<\/div>\n\t\t\t<\/div>\n\n\t\t\t<\/div><\/div><div id=\"pgc-10608-4-2\"  class=\"panel-grid-cell\" ><div id=\"panel-10608-4-2-0\" class=\"so-panel widget widget_qt_icon_box widget-icon-box panel-first-child panel-last-child\" data-index=\"7\" >\t\t\t\t<div class=\"icon-box\">\n\t\t\t\t\t\t\t\t\t\t\t\t<div class=\"icon-box--icon\">\n\t\t\t\t\t\t<i class=\"fa far fa-address-book\"><\/i>\n\t\t\t\t\t<\/div>\n\t\t\t\t\t\t\t\t<div class=\"icon-box--text\">\n\t\t\t\t\t\t\t\t\t\t\t<h6 class=\"icon-box--title\">Seguimiento constante<\/h6>\n\t\t\t\t\t\t\t\t\t\t\t\t\t\t\t\t<span class=\"icon-box--description\">Evaluamos tu rendimiento, realizamos mediciones y adaptamos las sesiones seg\u00fan tu evoluci\u00f3n<\/span>\n\t\t\t\t\t\t\t\t\t<\/div>\n\t\t\t<\/div>\n\n\t\t\t<\/div><\/div><\/div><\/div><div id=\"pg-10608-5\"  class=\"panel-grid panel-has-style\" ><div class=\"siteorigin-panels-stretch panel-row-style panel-row-style-for-10608-5\" data-stretch-type=\"full\" ><div id=\"pgc-10608-5-0\"  class=\"panel-grid-cell\" ><div id=\"panel-10608-5-0-0\" class=\"so-panel widget widget_qt_call_to_action widget-cta-banner panel-first-child panel-last-child\" data-index=\"8\" >\n\t\t\t<div class=\"call-to-action cta-block\">\n\t\t\t\t<div class=\"call-to-action--content\">\n\t\t\t\t\t<div class=\"call-to-action--title\" style=\"color: #ffffff;\">\n\t\t\t\t\t\tLas lesiones son el mayor enemigo del progreso. Un mal movimiento puede hacer que pierdas semanas o meses de entrenamiento\t\t\t\t\t<\/div>\n\t\t\t\t\t\t\t\t\t<\/div>\n\t\t\t\t<div class=\"call-to-action--buttons\">\n\t\t\t\t\t<a href=\"\/contactar\/\" class=\"btn btn-outline\" target=\"_self\">Contacta ahora<\/a>\t\t\t\t<\/div>\n\t\t\t<\/div>\n\n\t\t\t<\/div><\/div><\/div><\/div><div id=\"pg-10608-6\"  class=\"panel-grid panel-has-style\" ><div class=\"siteorigin-panels-stretch panel-row-style panel-row-style-for-10608-6\" data-stretch-type=\"full\" ><div id=\"pgc-10608-6-0\"  class=\"panel-grid-cell\" ><div id=\"panel-10608-6-0-0\" class=\"so-panel widget widget_qt_testimonials widget-testimonials panel-first-child panel-last-child\" data-index=\"9\" ><div class=\"smaller-widget-title panel-widget-style panel-widget-style-for-10608-6-0-0\" >\n\t\t\t<div class=\"testimonials\">\n\t\t\t\t\t\t\t\t\t<h3 class=\"widget-title\">Qu\u00e9 opinan nuestros clientes sobre el entrenamiento personal en Reus<\/h3>\n\t\t\t\t\n\t\t\t\t\t\t\t\t\t<div class=\"testimonial-controls\">\n\t\t\t\t\t\t<a class=\"left testimonial-control\" href=\"#testimonials-carousel-widget-6-0-0\" role=\"button\" aria-label=\"Previous\" data-slide=\"prev\">\n\t\t\t\t\t\t\t<i class=\"fas fa-angle-left\" aria-hidden=\"true\"><\/i>\n\t\t\t\t\t\t<\/a>\n\t\t\t\t\t\t<a class=\"right testimonial-control\" href=\"#testimonials-carousel-widget-6-0-0\" role=\"button\" aria-label=\"Next\" data-slide=\"next\">\n\t\t\t\t\t\t\t<i class=\"fas fa-angle-right\" aria-hidden=\"true\"><\/i>\n\t\t\t\t\t\t<\/a>\n\t\t\t\t\t<\/div>\n\t\t\t\t\t\t\t\t\n\t\t\t\t<div id=\"testimonials-carousel-widget-6-0-0\" class=\"testimonial-carousel carousel-touch carousel slide\" data-ride=\"carousel\" data-interval=\"6000\">\n\t\t\t\t\t<div class=\"carousel-inner\">\n\t\t\t\t\t\t<div class=\"item active\">\n\t\t\t\t\t\t\t<div class=\"row\">\n\t\t\t\t\t\t\t\t\t\t\t\t\t\t\t\t\t\t\t\t\t\t\t\t\t\t<div class=\"col-xs-12 col-sm-6 col-md-6\">\n\t\t\t\t\t\t\t\t\t\t<blockquote class=\"testimonial--quote\">\n\t\t\t\t\t\t\t\t\t\t\tAtendido por Teo, un sobre diez, atento y sabe bien sobre su oficio, una cl\u00ednica agradable y tranquila, las empleadas muy simpaticas, sin duda un lugar para venir a hacer tus sesiones de fisio.\t\t\t\t\t\t\t\t\t\t<\/blockquote>\n\t\t\t\t\t\t\t\t\t\t<cite class=\"testimonial--author\">\n\t\t\t\t\t\t\t\t\t\t\tJose Maria Fernandez\t\t\t\t\t\t\t\t\t\t<\/cite>\n\t\t\t\t\t\t\t\t\t\t<span class=\"testimonial--description\">\n\t\t\t\t\t\t\t\t\t\t\tRese\u00f1a de Google\t\t\t\t\t\t\t\t\t\t<\/span>\n\t\t\t\t\t\t\t\t\t<\/div>\n\t\t\t\t\t\t\t\t\t\t\t\t\t\t\t\t\t\t\t\t\t\t\t\t\t\t<div class=\"col-xs-12 col-sm-6 col-md-6\">\n\t\t\t\t\t\t\t\t\t\t<blockquote class=\"testimonial--quote\">\n\t\t\t\t\t\t\t\t\t\t\tQuer\u00eda agradecer a Marc por su labor como profesional, por su cuidado, perfecci\u00f3n y explicaci\u00f3n en el estudio biomec\u00e1nico que realiz\u00f3 para mi, s\u00f3lo decir que estoy feliz de poder disfrutar de pedalear sin dolores de ci\u00e1tica y de cervicales. Mi calidad de vida en la bicicleta a mejorado \ud83d\udcaf. Mil gracias!!!\t\t\t\t\t\t\t\t\t\t<\/blockquote>\n\t\t\t\t\t\t\t\t\t\t<cite class=\"testimonial--author\">\n\t\t\t\t\t\t\t\t\t\t\tCarolina Sanchez Navarro\t\t\t\t\t\t\t\t\t\t<\/cite>\n\t\t\t\t\t\t\t\t\t\t<span class=\"testimonial--description\">\n\t\t\t\t\t\t\t\t\t\t\tRese\u00f1a de Google\t\t\t\t\t\t\t\t\t\t<\/span>\n\t\t\t\t\t\t\t\t\t<\/div>\n\t\t\t\t\t\t\t\t\t\t\t\t\t\t\t\t\t<\/div><\/div><div class=\"item\"><div class=\"row\">\t\t\t\t\t\t\t\t\t<div class=\"col-xs-12 col-sm-6 col-md-6\">\n\t\t\t\t\t\t\t\t\t\t<blockquote class=\"testimonial--quote\">\n\t\t\t\t\t\t\t\t\t\t\tExperiencia inigualable! Personal altamente capacitado y atento. Sin duda para repetir!\t\t\t\t\t\t\t\t\t\t<\/blockquote>\n\t\t\t\t\t\t\t\t\t\t<cite class=\"testimonial--author\">\n\t\t\t\t\t\t\t\t\t\t\tC\u00e9sar Garc\u00eda\t\t\t\t\t\t\t\t\t\t<\/cite>\n\t\t\t\t\t\t\t\t\t\t<span class=\"testimonial--description\">\n\t\t\t\t\t\t\t\t\t\t\tRese\u00f1a de Google\t\t\t\t\t\t\t\t\t\t<\/span>\n\t\t\t\t\t\t\t\t\t<\/div>\n\t\t\t\t\t\t\t\t\t\t\t\t\t\t\t\t\t\t\t\t\t\t\t\t\t\t<div class=\"col-xs-12 col-sm-6 col-md-6\">\n\t\t\t\t\t\t\t\t\t\t<blockquote class=\"testimonial--quote\">\n\t\t\t\t\t\t\t\t\t\t\tEstuve haciendo rehabilitaci\u00f3n tras una luxaci\u00f3n acromio clavicular y todo fue perfecto, las instalaciones, la atenci\u00f3n, la profesionalidad. Totalmente recomendable!\t\t\t\t\t\t\t\t\t\t<\/blockquote>\n\t\t\t\t\t\t\t\t\t\t<cite class=\"testimonial--author\">\n\t\t\t\t\t\t\t\t\t\t\tTxema Salabert\t\t\t\t\t\t\t\t\t\t<\/cite>\n\t\t\t\t\t\t\t\t\t\t<span class=\"testimonial--description\">\n\t\t\t\t\t\t\t\t\t\t\tRese\u00f1a de Google\t\t\t\t\t\t\t\t\t\t<\/span>\n\t\t\t\t\t\t\t\t\t<\/div>\n\t\t\t\t\t\t\t\t\t\t\t\t\t\t\t<\/div>\n\t\t\t\t\t\t<\/div>\n\t\t\t\t\t<\/div>\t\n\t\t\t\t<\/div>\n\t\t\t<\/div>\n\n\t\t\t<\/div><\/div><\/div><\/div><\/div><div id=\"pg-10608-7\"  class=\"panel-grid panel-no-style\" ><div id=\"pgc-10608-7-0\"  class=\"panel-grid-cell\" ><div id=\"panel-10608-7-0-0\" class=\"so-panel widget widget_sow-editor panel-first-child panel-last-child\" data-index=\"10\" ><div class=\"smaller-widget-title panel-widget-style panel-widget-style-for-10608-7-0-0\" ><div\n\t\t\t\n\t\t\tclass=\"so-widget-sow-editor so-widget-sow-editor-base\"\n\t\t\t\n\t\t><h3 class=\"widget-title\">FAQ \u2013 Preguntas Frecuentes sobre Entrenamiento personal en Reus<\/h3>\n<div class=\"siteorigin-widget-tinymce textwidget\">\n\t<div class=\"panel-group\" id=\"accordion-0\" data-panel=\"accordion-0\"><\/p>\n<p><div class=\"panel\"><div class=\"panel-heading\"><h3 class=\"panel-title\"><a class=\"accordion-toggle\" data-toggle=\"collapse\" data-parent=\"#accordion-0\" href=\"#collapse_0\" aria-expanded=\"true\">\u00bfEn qu\u00e9 consiste el entrenamiento personal en Reus con Gima Clinic?<\/a><\/h3><\/div><div id=\"collapse_0\" class=\"panel-collapse collapse in\"><div class=\"panel-body\"><\/p>\n<p>El entrenamiento personal en Reus con Gima Clinic es un servicio completamente personalizado, dise\u00f1ado para ayudarte a alcanzar tus objetivos de forma eficiente y segura. Nuestros entrenadores adaptan cada sesi\u00f3n a tu nivel, necesidades y metas espec\u00edficas, garantizando un progreso constante.<\/p>\n<p> <\/div><\/div><\/div><\/p>\n<p><div class=\"panel\"><div class=\"panel-heading\"><h3 class=\"panel-title\"><a class=\"accordion-toggle\" data-toggle=\"collapse\" data-parent=\"#accordion-0\" href=\"#collapse_1\" >\u00bfQu\u00e9 beneficios tiene entrenar con un entrenador personal?<\/a><\/h3><\/div><div id=\"collapse_1\" class=\"panel-collapse collapse \"><div class=\"panel-body\"><\/p>\n<p>Plan de entrenamiento adaptado a ti.<br \/>\nCorrecci\u00f3n de postura y t\u00e9cnica para evitar lesiones.<br \/>\nResultados m\u00e1s r\u00e1pidos y eficientes.<br \/>\nMayor motivaci\u00f3n y compromiso.<br \/>\nSeguimiento constante para evaluar tu progreso.<\/p>\n<p> <\/div><\/div><\/div><\/p>\n<p><div class=\"panel\"><div class=\"panel-heading\"><h3 class=\"panel-title\"><a class=\"accordion-toggle\" data-toggle=\"collapse\" data-parent=\"#accordion-0\" href=\"#collapse_2\" >\u00bfCu\u00e1nto dura una sesi\u00f3n de entrenamiento personal?<\/a><\/h3><\/div><div id=\"collapse_2\" class=\"panel-collapse collapse \"><div class=\"panel-body\"><\/p>\n<p>Las sesiones suelen durar entre 45 y 60 minutos, dependiendo del programa y los objetivos del cliente. Est\u00e1n dise\u00f1adas para aprovechar al m\u00e1ximo cada minuto, garantizando efectividad sin perder tiempo.<\/p>\n<p> <\/div><\/div><\/div><\/p>\n<p><div class=\"panel\"><div class=\"panel-heading\"><h3 class=\"panel-title\"><a class=\"accordion-toggle\" data-toggle=\"collapse\" data-parent=\"#accordion-0\" href=\"#collapse_3\" >\u00bfNecesito experiencia previa para empezar?<\/a><\/h3><\/div><div id=\"collapse_3\" class=\"panel-collapse collapse \"><div class=\"panel-body\"><\/p>\n<p>\u00a1No! En Gima Clinic, adaptamos el entrenamiento personal en Reus a todos los niveles, desde principiantes hasta deportistas avanzados. Si nunca has entrenado, te ense\u00f1aremos desde cero con un enfoque progresivo y seguro.<\/p>\n<p> <\/div><\/div><\/div><\/p>\n<p><div class=\"panel\"><div class=\"panel-heading\"><h3 class=\"panel-title\"><a class=\"accordion-toggle\" data-toggle=\"collapse\" data-parent=\"#accordion-0\" href=\"#collapse_4\" >\u00bfQu\u00e9 necesito llevar a mi primera sesi\u00f3n?<\/a><\/h3><\/div><div id=\"collapse_4\" class=\"panel-collapse collapse \"><div class=\"panel-body\"><\/p>\n<p>Ropa deportiva c\u00f3moda, calzado adecuado, una toalla y agua para mantenerte hidratado. Si tienes alguna lesi\u00f3n o condici\u00f3n especial, es recomendable informar al entrenador antes de comenzar.<\/p>\n<p> <\/div><\/div><\/div><\/p>\n<p><div class=\"panel\"><div class=\"panel-heading\"><h3 class=\"panel-title\"><a class=\"accordion-toggle\" data-toggle=\"collapse\" data-parent=\"#accordion-0\" href=\"#collapse_5\" >\u00bfCu\u00e1ndo empezar\u00e9 a notar resultados?<\/a><\/h3><\/div><div id=\"collapse_5\" class=\"panel-collapse collapse \"><div class=\"panel-body\"><\/p>\n<p>Los tiempos var\u00edan seg\u00fan cada persona, pero con constancia y un plan adecuado, muchas personas empiezan a notar mejoras en su resistencia, fuerza y composici\u00f3n corporal a partir de las 4 semanas.<\/p>\n<p> <\/div><\/div><\/div><\/p>\n<p><div class=\"panel\"><div class=\"panel-heading\"><h3 class=\"panel-title\"><a class=\"accordion-toggle\" data-toggle=\"collapse\" data-parent=\"#accordion-0\" href=\"#collapse_6\" >\u00bfC\u00f3mo puedo reservar mi primera sesi\u00f3n de entrenamiento personal en Reus?<\/a><\/h3><\/div><div id=\"collapse_6\" class=\"panel-collapse collapse \"><div class=\"panel-body\"><\/p>\n<p>Es muy f\u00e1cil. Puedes contactarnos a trav\u00e9s de nuestra web, llamarnos o visitarnos en nuestro centro en Reus.<\/p>\n<p> <\/div><\/div><\/div><\/p>\n<p><\/div>\n<\/div>\n<\/div><\/div><\/div><\/div><\/div><div id=\"pg-10608-8\"  class=\"panel-grid panel-has-style\" ><div class=\"panel-row-style panel-row-style-for-10608-8\" ><div id=\"pgc-10608-8-0\"  class=\"panel-grid-cell\" ><div class=\"text-center panel-cell-style panel-cell-style-for-10608-8-0\" ><div id=\"panel-10608-8-0-0\" class=\"so-panel widget widget_sow-editor panel-first-child panel-last-child\" data-index=\"11\" ><div\n\t\t\t\n\t\t\tclass=\"so-widget-sow-editor so-widget-sow-editor-base\"\n\t\t\t\n\t\t><h3 class=\"widget-title\">Preg\u00fantanos lo que quieras<\/h3>\n<div class=\"siteorigin-widget-tinymce textwidget\">\n\t<p>No dudes en hacer cualquier consulta relacionada con fisioterapia por tel\u00e9fono o enviarnos tu pregunta a trav\u00e9s del formulario a continuaci\u00f3n. Tu mensaje ser\u00e1 enviado directamente a nuestro equipo, que responder\u00e1 lo antes posible.<\/p>\n<p class=\"wpcf7-contact-form-not-found\"><strong>Error:<\/strong> No s&#039;ha trobat el formulari de contacte.<\/p>\n<\/div>\n<\/div><\/div><\/div><\/div><\/div><\/div><\/div>","protected":false},"excerpt":{"rendered":"<p>Si est\u00e1s buscando un cambio real en tu cuerpo y salud, un entrenamiento personal en Reus con expertos es la clave para alcanzar tus objetivos en menos tiempo y de forma segura. En Gima Clinic, te ofrecemos planes personalizados dise\u00f1ados para maximizar tu rendimiento, evitar lesiones y garantizar que cada sesi\u00f3n sea una inversi\u00f3n efectiva [&hellip;]<\/p>\n","protected":false},"author":4,"featured_media":0,"parent":8610,"menu_order":0,"comment_status":"closed","ping_status":"closed","template":"template-front-jumbtron.php","meta":{"footnotes":""},"class_list":["post-10608","page","type-page","status-publish","hentry"],"aioseo_notices":[],"jetpack_sharing_enabled":true,"_links":{"self":[{"href":"https:\/\/gimaclinic.com\/ca\/wp-json\/wp\/v2\/pages\/10608","targetHints":{"allow":["GET"]}}],"collection":[{"href":"https:\/\/gimaclinic.com\/ca\/wp-json\/wp\/v2\/pages"}],"about":[{"href":"https:\/\/gimaclinic.com\/ca\/wp-json\/wp\/v2\/types\/page"}],"author":[{"embeddable":true,"href":"https:\/\/gimaclinic.com\/ca\/wp-json\/wp\/v2\/users\/4"}],"replies":[{"embeddable":true,"href":"https:\/\/gimaclinic.com\/ca\/wp-json\/wp\/v2\/comments?post=10608"}],"version-history":[{"count":50,"href":"https:\/\/gimaclinic.com\/ca\/wp-json\/wp\/v2\/pages\/10608\/revisions"}],"predecessor-version":[{"id":10742,"href":"https:\/\/gimaclinic.com\/ca\/wp-json\/wp\/v2\/pages\/10608\/revisions\/10742"}],"up":[{"embeddable":true,"href":"https:\/\/gimaclinic.com\/ca\/wp-json\/wp\/v2\/pages\/8610"}],"wp:attachment":[{"href":"https:\/\/gimaclinic.com\/ca\/wp-json\/wp\/v2\/media?parent=10608"}],"curies":[{"name":"wp","href":"https:\/\/api.w.org\/{rel}","templated":true}]}}